{"id":931,"date":"2026-04-09T17:36:46","date_gmt":"2026-04-09T15:36:46","guid":{"rendered":"https:\/\/www.zeitwerkstatt.at\/cms\/?page_id=931"},"modified":"2026-04-09T18:32:50","modified_gmt":"2026-04-09T16:32:50","slug":"wer-hat-an-der-uhr-gedreht-gaudium","status":"publish","type":"page","link":"https:\/\/www.zeitwerkstatt.at\/cms\/?page_id=931","title":{"rendered":"Wer hat an der Uhr gedreht? &#8211; gaudium"},"content":{"rendered":"\n<p class=\"has-text-align-center has-small-font-size\">Ver\u00f6ffentlicht in der <img loading=\"lazy\" decoding=\"async\" width=\"14\" height=\"10\" class=\"wp-image-952\" style=\"width: 14px;\" src=\"http:\/\/www.zeitwerkstatt.at\/cms\/wp-content\/uploads\/2026\/04\/2026-01_gaudium_02.png\" alt=\"\"> <a href=\"https:\/\/www.gaudium-magazin.at\" target=\"_blank\" rel=\"noreferrer noopener\">gaudium<\/a>-Ausgabe <a href=\"https:\/\/www.gaudium-magazin.at\/wp-content\/uploads\/go-x\/u\/95574de9-c8b1-4d47-a02f-9fc0dbb05a30\/gaudium-1-2026-Web-compressed.pdf\" target=\"_blank\" rel=\"noreferrer noopener\">Nr. 48 &#8211; Fr\u00fchling 2026<\/a><br>Das Magazin aus dem Thermen- und Vulkanland Steiermark<\/p>\n\n\n\n<p class=\"has-text-align-center has-small-font-size\"><strong>Von <a href=\"https:\/\/www.gaudium-magazin.at\/team\" target=\"_blank\" rel=\"noreferrer noopener\">Christian Knittelfelder<\/a><\/strong><\/p>\n\n\n\n<figure class=\"wp-block-table\"><table><tbody><tr><td class=\"has-text-align-center\" data-align=\"center\"><img loading=\"lazy\" decoding=\"async\" width=\"599\" height=\"279\" class=\"wp-image-933\" style=\"width: 599px;\" src=\"http:\/\/www.zeitwerkstatt.at\/cms\/wp-content\/uploads\/2026\/04\/2026-01_gaudium_05.png\" alt=\"\" srcset=\"https:\/\/www.zeitwerkstatt.at\/cms\/wp-content\/uploads\/2026\/04\/2026-01_gaudium_05.png 796w, https:\/\/www.zeitwerkstatt.at\/cms\/wp-content\/uploads\/2026\/04\/2026-01_gaudium_05-300x140.png 300w, https:\/\/www.zeitwerkstatt.at\/cms\/wp-content\/uploads\/2026\/04\/2026-01_gaudium_05-768x358.png 768w\" sizes=\"(max-width: 599px) 100vw, 599px\" \/><\/td><\/tr><\/tbody><\/table><\/figure>\n\n\n\n<p class=\"has-text-align-center has-large-font-size\">Die Zeitwerkstatt<\/p>\n\n\n\n<figure class=\"wp-block-table\"><table><tbody><tr><td class=\"has-text-align-center\" data-align=\"center\"><img loading=\"lazy\" decoding=\"async\" width=\"295\" height=\"380\" class=\"wp-image-938\" style=\"width: 295px;\" src=\"http:\/\/www.zeitwerkstatt.at\/cms\/wp-content\/uploads\/2026\/04\/2026-01_gaudium_01.png\" alt=\"\" srcset=\"https:\/\/www.zeitwerkstatt.at\/cms\/wp-content\/uploads\/2026\/04\/2026-01_gaudium_01.png 545w, https:\/\/www.zeitwerkstatt.at\/cms\/wp-content\/uploads\/2026\/04\/2026-01_gaudium_01-233x300.png 233w\" sizes=\"(max-width: 295px) 100vw, 295px\" \/><\/td><td class=\"has-text-align-center\" data-align=\"center\"><img loading=\"lazy\" decoding=\"async\" width=\"295\" height=\"379\" class=\"wp-image-937\" style=\"width: 295px;\" src=\"http:\/\/www.zeitwerkstatt.at\/cms\/wp-content\/uploads\/2026\/04\/2026-01_gaudium_04.png\" alt=\"\" srcset=\"https:\/\/www.zeitwerkstatt.at\/cms\/wp-content\/uploads\/2026\/04\/2026-01_gaudium_04.png 537w, https:\/\/www.zeitwerkstatt.at\/cms\/wp-content\/uploads\/2026\/04\/2026-01_gaudium_04-233x300.png 233w\" sizes=\"(max-width: 295px) 100vw, 295px\" \/><\/td><\/tr><tr><td class=\"has-text-align-center\" data-align=\"center\"><img loading=\"lazy\" decoding=\"async\" width=\"250\" height=\"347\" class=\"wp-image-939\" style=\"width: 250px;\" src=\"http:\/\/www.zeitwerkstatt.at\/cms\/wp-content\/uploads\/2026\/04\/2026-01_gaudium_12.png\" alt=\"\" srcset=\"https:\/\/www.zeitwerkstatt.at\/cms\/wp-content\/uploads\/2026\/04\/2026-01_gaudium_12.png 259w, https:\/\/www.zeitwerkstatt.at\/cms\/wp-content\/uploads\/2026\/04\/2026-01_gaudium_12-216x300.png 216w\" sizes=\"(max-width: 250px) 100vw, 250px\" \/><\/td><td class=\"has-text-align-center\" data-align=\"center\"><img loading=\"lazy\" decoding=\"async\" width=\"250\" height=\"358\" class=\"wp-image-940\" style=\"width: 250px;\" src=\"http:\/\/www.zeitwerkstatt.at\/cms\/wp-content\/uploads\/2026\/04\/2026-01_gaudium_11.png\" alt=\"\" srcset=\"https:\/\/www.zeitwerkstatt.at\/cms\/wp-content\/uploads\/2026\/04\/2026-01_gaudium_11.png 268w, https:\/\/www.zeitwerkstatt.at\/cms\/wp-content\/uploads\/2026\/04\/2026-01_gaudium_11-209x300.png 209w\" sizes=\"(max-width: 250px) 100vw, 250px\" \/><\/td><\/tr><\/tbody><\/table><\/figure>\n\n\n\n<p class=\"has-text-align-center has-medium-font-size\">Jakob Tieber arbeitet mit Leidenschaft dort, wo die Zeit wieder richtig tickt.<\/p>\n\n\n\n<figure class=\"wp-block-table\"><table><tbody><tr><td class=\"has-text-align-center\" data-align=\"center\"><img loading=\"lazy\" decoding=\"async\" width=\"161\" height=\"161\" class=\"wp-image-941\" style=\"width: 161px;\" src=\"http:\/\/www.zeitwerkstatt.at\/cms\/wp-content\/uploads\/2026\/04\/2026-01_gaudium_10.png\" alt=\"\" srcset=\"https:\/\/www.zeitwerkstatt.at\/cms\/wp-content\/uploads\/2026\/04\/2026-01_gaudium_10.png 161w, https:\/\/www.zeitwerkstatt.at\/cms\/wp-content\/uploads\/2026\/04\/2026-01_gaudium_10-150x150.png 150w, https:\/\/www.zeitwerkstatt.at\/cms\/wp-content\/uploads\/2026\/04\/2026-01_gaudium_10-100x100.png 100w\" sizes=\"(max-width: 161px) 100vw, 161px\" \/><\/td><td class=\"has-text-align-center\" data-align=\"center\"><img loading=\"lazy\" decoding=\"async\" width=\"161\" height=\"161\" class=\"wp-image-942\" style=\"width: 161px;\" src=\"http:\/\/www.zeitwerkstatt.at\/cms\/wp-content\/uploads\/2026\/04\/2026-01_gaudium_09.png\" alt=\"\" srcset=\"https:\/\/www.zeitwerkstatt.at\/cms\/wp-content\/uploads\/2026\/04\/2026-01_gaudium_09.png 161w, https:\/\/www.zeitwerkstatt.at\/cms\/wp-content\/uploads\/2026\/04\/2026-01_gaudium_09-150x150.png 150w, https:\/\/www.zeitwerkstatt.at\/cms\/wp-content\/uploads\/2026\/04\/2026-01_gaudium_09-100x100.png 100w\" sizes=\"(max-width: 161px) 100vw, 161px\" \/><\/td><td class=\"has-text-align-center\" data-align=\"center\"><img loading=\"lazy\" decoding=\"async\" width=\"161\" height=\"161\" class=\"wp-image-943\" style=\"width: 161px;\" src=\"http:\/\/www.zeitwerkstatt.at\/cms\/wp-content\/uploads\/2026\/04\/2026-01_gaudium_08.png\" alt=\"\" srcset=\"https:\/\/www.zeitwerkstatt.at\/cms\/wp-content\/uploads\/2026\/04\/2026-01_gaudium_08.png 161w, https:\/\/www.zeitwerkstatt.at\/cms\/wp-content\/uploads\/2026\/04\/2026-01_gaudium_08-150x150.png 150w, https:\/\/www.zeitwerkstatt.at\/cms\/wp-content\/uploads\/2026\/04\/2026-01_gaudium_08-100x100.png 100w\" sizes=\"(max-width: 161px) 100vw, 161px\" \/><\/td><\/tr><\/tbody><\/table><\/figure>\n\n\n\n<figure class=\"wp-block-table\"><table><tbody><tr><td class=\"has-text-align-center\" data-align=\"center\"><img loading=\"lazy\" decoding=\"async\" width=\"192\" height=\"167\" class=\"wp-image-944\" style=\"width: 192px;\" src=\"http:\/\/www.zeitwerkstatt.at\/cms\/wp-content\/uploads\/2026\/04\/2026-01_gaudium_06.png\" alt=\"\"><\/td><td class=\"has-text-align-center\" data-align=\"center\"><img loading=\"lazy\" decoding=\"async\" width=\"194\" height=\"167\" class=\"wp-image-945\" style=\"width: 194px;\" src=\"http:\/\/www.zeitwerkstatt.at\/cms\/wp-content\/uploads\/2026\/04\/2026-01_gaudium_07.png\" alt=\"\"><\/td><\/tr><tr><td class=\"has-text-align-center\" data-align=\"center\"><img loading=\"lazy\" decoding=\"async\" width=\"197\" height=\"200\" class=\"wp-image-946\" style=\"width: 197px;\" src=\"http:\/\/www.zeitwerkstatt.at\/cms\/wp-content\/uploads\/2026\/04\/2026-01_gaudium_14.png\" alt=\"\"><\/td><td class=\"has-text-align-center\" data-align=\"center\"><img loading=\"lazy\" decoding=\"async\" width=\"197\" height=\"200\" class=\"wp-image-947\" style=\"width: 197px;\" src=\"http:\/\/www.zeitwerkstatt.at\/cms\/wp-content\/uploads\/2026\/04\/2026-01_gaudium_13.png\" alt=\"\"><\/td><\/tr><\/tbody><\/table><\/figure>\n\n\n\n<p>Es tickt, rattert und gongt an allen Ecken der kleinen Werkstatt in Markt Hartmannsdorf. Die Ger\u00e4usche alter Uhren erf\u00fcllt den Raum mit Leben. \u201eIch h\u00f6r das gar nicht mehr\u201c, \u00fcberrascht Jakob Tieber lachend mit seiner Antwort, als er auf die vielen Uhrwerke um ihn herum blickt. Der 26-J\u00e4hrige aus P\u00f6llau hat sich in seiner \u201eZeitwerkstatt\u201c dem Uhrmacher-Handwerk verschrieben &#8211; von 300 bis 400 alten St\u00fccken bis zu modernen kleinen Armband- und Taschenuhren. Jedes St\u00fcck, das \u00fcber seinen Tisch wandert, bekommt funktionst\u00fcchtig neues Leben eingehaucht. \u201eEs gibt nichts, was nicht reparierbar ist. Je \u00e4lter, umso lieber\u201c, sagt er glaubhaft.<\/p>\n\n\n\n<p><br>Der junge Uhrmacher begegnet der Zeit in all ihren Formen &#8211; von der Renaissance \u00fcber das Biedermeier bis in die Gegenwart &#8211; und jede Epoche offenbart eigene Mechaniken, die verstanden und gemeistert werden wollen &#8211; bis alles wieder l\u00e4uft wie geschmiert.<\/p>\n\n\n\n<p><br>Schon als Kind konnte Tieber Uhren kaum widerstehen. \u201eMit drei Jahren habe ich alte Wecker und K\u00fcchenuhren auseinandergenommen &#8211; damals nat\u00fcrlich mit dem Hammer\u201c, erz\u00e4hlt er schmunzelnd. Heute arbeitet er feinf\u00fchlig mit der kleinen Drehbank und kann winzige Zahnr\u00e4der und Federh\u00e4user pr\u00e4zise anfertigen oder justieren. Alte Uhren verlangen gr\u00f6\u00dfte Sorgfalt. Mechanismen variieren stark: Federgetrieben, Gewichtgetrieben, Pendelunruh oder Spindelhemmung, jedes Uhrwerk ben\u00f6tigt spezielles Know-how. Ersatzteile m\u00fcssen exakt passen, sonst l\u00e4uft die Uhr ungenau. Viele Teile fertigt er selbst an &#8211; ein \u00e4u\u00dferst selten gewordenes Handwerk, das Geduld, K\u00f6nnen und Hingabe erfordert. Erlernt hat der Hartmannsdorfer sein Wissen an der Fachschule f\u00fcr Pr\u00e4zisions- und Uhrentechnik in Karlstein an der Thaya. Dort absolvierte er den Meisterkurs und machte seine Leidenschaft zum Beruf. Ausgerechnet zum ersten Lockdown er\u00f6ffnete er im Ortszentrum seine Werkstatt samt Gesch\u00e4ft.<\/p>\n\n\n\n<p><br>Heute umfasst sein Leistungsspektrum den Verkauf neuer Armbanduhren ebenso wie die fachgerechte Reparatur und Restauration von Gro\u00df- und Kleinuhren. Dar\u00fcber hinaus bietet er Batteriewechsel, Reinigungen, Bandk\u00fcrzungen sowie die Anfertigung spezieller Gro\u00dfuhrenteile an.<\/p>\n\n\n\n<p><br>Seine Kundschaft sch\u00e4tzt dabei nicht nur seine Handwerkskunst, sondern auch die Begeisterung, die Jakob Tieber in jedes Werk steckt. \u201eViele Uhren sind Erbst\u00fccke oder Liebhaberobjekte &#8211; mit tiefem emotionalem Wert, wie etwa die Uhr von Oma oder Opa sowie historische Exemplare aus umliegenden Schl\u00f6ssern\u201c, schildert er. Jeder Takt erz\u00e4hlt ein St\u00fcck gelebtes Leben. Uhren sind daher f\u00fcr viele oft mehr als nur Zeitanzeiger &#8211; sie tragen Erinnerungen und werden zu geliebten Sammlerst\u00fccken.<\/p>\n\n\n\n<p><br>In der \u201eZeitwerkstatt\u201c greift ein R\u00e4dchen ins andere: Pr\u00e4zision, Geduld und eine Liebe zum Detail verschmelzen hier zu einem Ort, an dem an dem alle Komponenten wieder perfekt aufeinander abgestimmt sind. Jakob Tieber ist also mehr als nur Uhrmacher &#8211; er ist auch Bewahrer vergangener Zeiten. <img loading=\"lazy\" decoding=\"async\" width=\"14\" height=\"10\" class=\"wp-image-951\" style=\"width: 14px;\" src=\"http:\/\/www.zeitwerkstatt.at\/cms\/wp-content\/uploads\/2026\/04\/2026-01_gaudium_03.png\" alt=\"\"><\/p>\n\n\n\n<div class=\"wp-block-file\"><a id=\"wp-block-file--media-579e0dc4-80c0-42d5-b441-4e6a3155e019\" href=\"https:\/\/www.zeitwerkstatt.at\/cms\/wp-content\/uploads\/2026\/04\/2026-01_gaudium.pdf\" target=\"_blank\" rel=\"noreferrer noopener\">Hier gibt&#8217;s den Artikel aus dem gaudium vom Fr\u00fchjahr 2026<\/a><\/div>\n\n\n\n<figure class=\"wp-block-table\"><table><tbody><tr><td class=\"has-text-align-center\" data-align=\"center\"><a href=\"https:\/\/www.gaudium-magazin.at\" target=\"_blank\" rel=\"noreferrer noopener\"><img loading=\"lazy\" decoding=\"async\" width=\"410\" height=\"133\" class=\"wp-image-956\" style=\"width: 410px;\" src=\"http:\/\/www.zeitwerkstatt.at\/cms\/wp-content\/uploads\/2026\/04\/gaudium_410x133.png\" alt=\"\" srcset=\"https:\/\/www.zeitwerkstatt.at\/cms\/wp-content\/uploads\/2026\/04\/gaudium_410x133.png 410w, https:\/\/www.zeitwerkstatt.at\/cms\/wp-content\/uploads\/2026\/04\/gaudium_410x133-300x97.png 300w\" sizes=\"(max-width: 410px) 100vw, 410px\" \/><\/a><\/td><\/tr><tr><td class=\"has-text-align-center\" data-align=\"center\"><a href=\"https:\/\/www.gaudium-magazin.at\" target=\"_blank\" rel=\"noreferrer noopener\">www.gaudium-magazin.at<\/a><br>Das Magazin aus dem Thermen- und Vulkanland Steiermark<\/td><\/tr><\/tbody><\/table><\/figure>\n\n\n\n<p class=\"has-text-align-center has-small-font-size\">\u00a9 gaudium<\/p>\n","protected":false},"excerpt":{"rendered":"<p>Ver\u00f6ffentlicht in der gaudium-Ausgabe Nr. 48 &#8211; Fr\u00fchling 2026Das Magazin aus dem Thermen- und Vulkanland Steiermark Von Christian Knittelfelder Die Zeitwerkstatt Jakob Tieber arbeitet mit Leidenschaft dort, wo die Zeit wieder richtig tickt. Es tickt, rattert und gongt an allen Ecken der kleinen Werkstatt in Markt Hartmannsdorf. Die Ger\u00e4usche alter Uhren erf\u00fcllt den Raum mit &hellip; <\/p>\n<p class=\"link-more\"><a href=\"https:\/\/www.zeitwerkstatt.at\/cms\/?page_id=931\" class=\"more-link\"><span class=\"screen-reader-text\">\u201eWer hat an der Uhr gedreht? &#8211; gaudium\u201c<\/span> weiterlesen<\/a><\/p>\n","protected":false},"author":1,"featured_media":0,"parent":0,"menu_order":0,"comment_status":"closed","ping_status":"closed","template":"","meta":{"footnotes":""},"_links":{"self":[{"href":"https:\/\/www.zeitwerkstatt.at\/cms\/index.php?rest_route=\/wp\/v2\/pages\/931"}],"collection":[{"href":"https:\/\/www.zeitwerkstatt.at\/cms\/index.php?rest_route=\/wp\/v2\/pages"}],"about":[{"href":"https:\/\/www.zeitwerkstatt.at\/cms\/index.php?rest_route=\/wp\/v2\/types\/page"}],"author":[{"embeddable":true,"href":"https:\/\/www.zeitwerkstatt.at\/cms\/index.php?rest_route=\/wp\/v2\/users\/1"}],"replies":[{"embeddable":true,"href":"https:\/\/www.zeitwerkstatt.at\/cms\/index.php?rest_route=%2Fwp%2Fv2%2Fcomments&post=931"}],"version-history":[{"count":11,"href":"https:\/\/www.zeitwerkstatt.at\/cms\/index.php?rest_route=\/wp\/v2\/pages\/931\/revisions"}],"predecessor-version":[{"id":960,"href":"https:\/\/www.zeitwerkstatt.at\/cms\/index.php?rest_route=\/wp\/v2\/pages\/931\/revisions\/960"}],"wp:attachment":[{"href":"https:\/\/www.zeitwerkstatt.at\/cms\/index.php?rest_route=%2Fwp%2Fv2%2Fmedia&parent=931"}],"curies":[{"name":"wp","href":"https:\/\/api.w.org\/{rel}","templated":true}]}}