{"id":9,"date":"2020-02-22T17:51:08","date_gmt":"2020-02-22T16:51:08","guid":{"rendered":"http:\/\/www.zeitwerkstatt.at\/cms\/?page_id=9"},"modified":"2020-04-18T11:52:47","modified_gmt":"2020-04-18T09:52:47","slug":"ueber-uns","status":"publish","type":"page","link":"https:\/\/www.zeitwerkstatt.at\/cms\/?page_id=9","title":{"rendered":"\u00dcber mich"},"content":{"rendered":"\n<div class=\"wp-block-media-text alignwide\"><figure class=\"wp-block-media-text__media\"><img loading=\"lazy\" decoding=\"async\" width=\"345\" height=\"500\" src=\"http:\/\/www.zeitwerkstatt.at\/cms\/wp-content\/uploads\/2020\/02\/jt1.jpg\" alt=\"\" class=\"wp-image-80\" srcset=\"https:\/\/www.zeitwerkstatt.at\/cms\/wp-content\/uploads\/2020\/02\/jt1.jpg 345w, https:\/\/www.zeitwerkstatt.at\/cms\/wp-content\/uploads\/2020\/02\/jt1-207x300.jpg 207w\" sizes=\"(max-width: 345px) 100vw, 345px\" \/><\/figure><div class=\"wp-block-media-text__content\">\n<p class=\"has-normal-font-size\"><strong>Jakob Tieber<br>Uhrmachermeister<\/strong><\/p>\n\n\n\n<p>Schon im Alter von ca. drei Jahren haben Uhren auf mich eine gro\u00dfe Faszination  ausge\u00fcbt &#8211; unz\u00e4hlige alte Wecker und K\u00fcchenuhren habe ich auf deren Einzelteile untersucht, nat\u00fcrlich mit einem Hammer. Heute habe ich etwas mehr Feingef\u00fchl und K\u00f6nnen&#8230; <br><br>Nach der Pflichtschule besuchte ich die Fachschule f\u00fcr Uhren- und Pr\u00e4zisionstechnik in Karlstein an der Thaya, im oberen Waldviertel.  Bald darauf  habe ich den Meisterkurs absolviert und habe nun mein kleines Gesch\u00e4ft samt Werkstatt in Markt Hartmannsdorf er\u00f6ffnet.<br><br><strong>Ich habe meine Leidenschaft zum Beruf gemacht. <\/strong><\/p>\n\n\n\n<p><\/p>\n<\/div><\/div>\n","protected":false},"excerpt":{"rendered":"<p>Jakob TieberUhrmachermeister Schon im Alter von ca. drei Jahren haben Uhren auf mich eine gro\u00dfe Faszination ausge\u00fcbt &#8211; unz\u00e4hlige alte Wecker und K\u00fcchenuhren habe ich auf deren Einzelteile untersucht, nat\u00fcrlich mit einem Hammer. Heute habe ich etwas mehr Feingef\u00fchl und K\u00f6nnen&#8230; Nach der Pflichtschule besuchte ich die Fachschule f\u00fcr Uhren- und Pr\u00e4zisionstechnik in Karlstein an &hellip; <\/p>\n<p class=\"link-more\"><a href=\"https:\/\/www.zeitwerkstatt.at\/cms\/?page_id=9\" class=\"more-link\"><span class=\"screen-reader-text\">\u201e\u00dcber mich\u201c<\/span> weiterlesen<\/a><\/p>\n","protected":false},"author":1,"featured_media":275,"parent":0,"menu_order":0,"comment_status":"closed","ping_status":"closed","template":"","meta":{"footnotes":""},"_links":{"self":[{"href":"https:\/\/www.zeitwerkstatt.at\/cms\/index.php?rest_route=\/wp\/v2\/pages\/9"}],"collection":[{"href":"https:\/\/www.zeitwerkstatt.at\/cms\/index.php?rest_route=\/wp\/v2\/pages"}],"about":[{"href":"https:\/\/www.zeitwerkstatt.at\/cms\/index.php?rest_route=\/wp\/v2\/types\/page"}],"author":[{"embeddable":true,"href":"https:\/\/www.zeitwerkstatt.at\/cms\/index.php?rest_route=\/wp\/v2\/users\/1"}],"replies":[{"embeddable":true,"href":"https:\/\/www.zeitwerkstatt.at\/cms\/index.php?rest_route=%2Fwp%2Fv2%2Fcomments&post=9"}],"version-history":[{"count":13,"href":"https:\/\/www.zeitwerkstatt.at\/cms\/index.php?rest_route=\/wp\/v2\/pages\/9\/revisions"}],"predecessor-version":[{"id":242,"href":"https:\/\/www.zeitwerkstatt.at\/cms\/index.php?rest_route=\/wp\/v2\/pages\/9\/revisions\/242"}],"wp:featuredmedia":[{"embeddable":true,"href":"https:\/\/www.zeitwerkstatt.at\/cms\/index.php?rest_route=\/wp\/v2\/media\/275"}],"wp:attachment":[{"href":"https:\/\/www.zeitwerkstatt.at\/cms\/index.php?rest_route=%2Fwp%2Fv2%2Fmedia&parent=9"}],"curies":[{"name":"wp","href":"https:\/\/api.w.org\/{rel}","templated":true}]}}