{"id":848,"date":"2026-04-06T19:40:24","date_gmt":"2026-04-06T17:40:24","guid":{"rendered":"https:\/\/www.zeitwerkstatt.at\/cms\/?page_id=848"},"modified":"2026-04-09T10:30:43","modified_gmt":"2026-04-09T08:30:43","slug":"er-bringt-uhren-zum-ticken","status":"publish","type":"page","link":"https:\/\/www.zeitwerkstatt.at\/cms\/?page_id=848","title":{"rendered":"Er bringt Uhren zum Ticken &#8211; Kleine Zeitung"},"content":{"rendered":"\n<p class=\"has-text-align-center has-small-font-size\">Ver\u00f6ffentlicht in der Rubrik &#8211; BUSINESS-KOPF DER WOCHE &#8211; in der <a href=\"https:\/\/www.kleinezeitung.at\" target=\"_blank\" rel=\"noreferrer noopener\">Kleinen Zeitung<\/a>-Ausgabe vom 28.01.2026<\/p>\n\n\n\n<p class=\"has-text-align-center has-small-font-size\"><strong>Von <a href=\"https:\/\/www.kleinezeitung.at\/autor\/731\/julia-kammerer\" target=\"_blank\" rel=\"noreferrer noopener\">Julia Kammerer<\/a><\/strong><\/p>\n\n\n\n<figure class=\"wp-block-table has-small-font-size\"><table><tbody><tr><td class=\"has-text-align-center\" data-align=\"center\"><img loading=\"lazy\" decoding=\"async\" width=\"239\" height=\"239\" class=\"wp-image-851\" style=\"width: 239px;\" src=\"https:\/\/www.zeitwerkstatt.at\/cms\/wp-content\/uploads\/2026\/04\/2026-01-28.png\" alt=\"\" srcset=\"https:\/\/www.zeitwerkstatt.at\/cms\/wp-content\/uploads\/2026\/04\/2026-01-28.png 239w, https:\/\/www.zeitwerkstatt.at\/cms\/wp-content\/uploads\/2026\/04\/2026-01-28-150x150.png 150w, https:\/\/www.zeitwerkstatt.at\/cms\/wp-content\/uploads\/2026\/04\/2026-01-28-100x100.png 100w\" sizes=\"(max-width: 239px) 100vw, 239px\" \/><\/td><\/tr><tr><td class=\"has-text-align-center\" data-align=\"center\">Jakob Tieber bei seiner Berufung<\/td><\/tr><\/tbody><\/table><\/figure>\n\n\n\n<p><strong>2020 \u00f6ffnete Jakob Tieber als 21-j\u00e4hriger Uhrmachermeister sein Gesch\u00e4ft.<\/strong><\/p>\n\n\n\n<p>Der 26-j\u00e4hrige Jakob Tieber aus P\u00f6llau bei Gleisdorf ist einer von wenigen Uhrmachermeistern, die es noch gibt. Gelernt hat er sein Handwerk nicht wie erhofft als Lehrling in einem Betrieb, sondern in der Fachschule f\u00fcr Pr\u00e4zisions- und Uhrentechnik im nieder\u00f6sterreichischen Karlstein.<br>Kein Betrieb hat den jungen Oststeirer damals aufgenommen. Unverst\u00e4ndlich war das f\u00fcr ihn. Heute sieht er das anders: \u201eEs ist einfach nicht m\u00f6glich als Einzelunternehmer. Man muss dem Lehrling etwas beibringen. Dann bleibt aber die eigene Arbeit liegen\u201c, erz\u00e4hlt Tieber.<br>Er findet das schade. Denn keine Lehrlinge bedeutet, dass sein Handwerk immer seltener wird. Mit der \u201eZeitwerkstatt\u201c mitten in Markt Hartmannsdorf ist Tieber wohl der einzige Uhrmachermeister in der Umgebung. Er verkauft nicht nur, sondern repariert auch. Kundinnen und Kunden kommen von Wien, dem Burgenland, selbst aus Liechtenstein hatte er schon Auftr\u00e4ge. Auch in Schl\u00f6ssern, wie in jenem in Eggenberg, bringt er alte Uhrwerke wieder zum Laufen. Aber auch Taschen- und Armbanduhren richtet er her. F\u00fcr das Handwerk muss man brennen, meint der Antiquit\u00e4ten-Liebhaber: \u201eEs braucht auch Perfektion.\u201c Auch, wenn er so schnell keine Lehrlinge aufnehmen kann, glaubt er an einen Aufschwung des selten gewordenen Handwerks. \u201eAlte Uhren und Erbst\u00fccke wird es immer geben. Der Beruf ist selten, aber gefragt. Vielleicht wird er dann auch wieder beliebter\u201c, wagt Tieber einen Blick in die Zukunft. Die eigene Zukunft bringt ihm erstmal einen Umzug: Schr\u00e4g gegen\u00fcber seiner jetzigen Werkstatt an der Markt Hartmannsdorfer Hauptstra\u00dfe, neben dem ehemaligen Gasthaus Huber, wird am neuen Gesch\u00e4ft samt Werkstatt gebaut.<\/p>\n\n\n\n<div class=\"wp-block-file\"><a id=\"wp-block-file--media-fa144bdc-2c93-4ae9-baf5-530257bae34b\" href=\"https:\/\/www.zeitwerkstatt.at\/cms\/wp-content\/uploads\/2026\/04\/2026-01-28_KleineZeitung.pdf\" target=\"_blank\" rel=\"noreferrer noopener\">Hier gibt\u2019s den Zeitungsartikel der Kleinen Zeitung vom 28.01.2026<\/a><\/div>\n\n\n\n<p><\/p>\n\n\n\n<figure class=\"wp-block-table\"><table><tbody><tr><td class=\"has-text-align-center\" data-align=\"center\"><a href=\"https:\/\/www.kleinezeitung.at\" target=\"_blank\" rel=\"noreferrer noopener\"><img loading=\"lazy\" decoding=\"async\" width=\"296\" height=\"150\" class=\"wp-image-865\" style=\"width: 296px;\" src=\"https:\/\/www.zeitwerkstatt.at\/cms\/wp-content\/uploads\/2026\/04\/kleine_zeitung_296x150.png\" alt=\"\"><\/a><\/td><\/tr><tr><td class=\"has-text-align-center\" data-align=\"center\"><a href=\"https:\/\/www.kleinezeitung.at\" target=\"_blank\" rel=\"noreferrer noopener\">Kleine Zeitung<\/a><\/td><\/tr><\/tbody><\/table><\/figure>\n\n\n\n<p class=\"has-text-align-center has-small-font-size\">\u00a9 Kleine Zeitung<\/p>\n","protected":false},"excerpt":{"rendered":"<p>Ver\u00f6ffentlicht in der Rubrik &#8211; BUSINESS-KOPF DER WOCHE &#8211; in der Kleinen Zeitung-Ausgabe vom 28.01.2026 Von Julia Kammerer Jakob Tieber bei seiner Berufung 2020 \u00f6ffnete Jakob Tieber als 21-j\u00e4hriger Uhrmachermeister sein Gesch\u00e4ft. Der 26-j\u00e4hrige Jakob Tieber aus P\u00f6llau bei Gleisdorf ist einer von wenigen Uhrmachermeistern, die es noch gibt. Gelernt hat er sein Handwerk nicht &hellip; <\/p>\n<p class=\"link-more\"><a href=\"https:\/\/www.zeitwerkstatt.at\/cms\/?page_id=848\" class=\"more-link\"><span class=\"screen-reader-text\">\u201eEr bringt Uhren zum Ticken &#8211; Kleine Zeitung\u201c<\/span> weiterlesen<\/a><\/p>\n","protected":false},"author":1,"featured_media":0,"parent":0,"menu_order":0,"comment_status":"closed","ping_status":"closed","template":"","meta":{"footnotes":""},"_links":{"self":[{"href":"https:\/\/www.zeitwerkstatt.at\/cms\/index.php?rest_route=\/wp\/v2\/pages\/848"}],"collection":[{"href":"https:\/\/www.zeitwerkstatt.at\/cms\/index.php?rest_route=\/wp\/v2\/pages"}],"about":[{"href":"https:\/\/www.zeitwerkstatt.at\/cms\/index.php?rest_route=\/wp\/v2\/types\/page"}],"author":[{"embeddable":true,"href":"https:\/\/www.zeitwerkstatt.at\/cms\/index.php?rest_route=\/wp\/v2\/users\/1"}],"replies":[{"embeddable":true,"href":"https:\/\/www.zeitwerkstatt.at\/cms\/index.php?rest_route=%2Fwp%2Fv2%2Fcomments&post=848"}],"version-history":[{"count":11,"href":"https:\/\/www.zeitwerkstatt.at\/cms\/index.php?rest_route=\/wp\/v2\/pages\/848\/revisions"}],"predecessor-version":[{"id":930,"href":"https:\/\/www.zeitwerkstatt.at\/cms\/index.php?rest_route=\/wp\/v2\/pages\/848\/revisions\/930"}],"wp:attachment":[{"href":"https:\/\/www.zeitwerkstatt.at\/cms\/index.php?rest_route=%2Fwp%2Fv2%2Fmedia&parent=848"}],"curies":[{"name":"wp","href":"https:\/\/api.w.org\/{rel}","templated":true}]}}