{"id":714,"date":"2026-03-29T01:22:49","date_gmt":"2026-03-29T00:22:49","guid":{"rendered":"https:\/\/www.zeitwerkstatt.at\/cms\/?page_id=714"},"modified":"2026-04-09T09:52:24","modified_gmt":"2026-04-09T07:52:24","slug":"uhrmachermeister-mit-21-jahren","status":"publish","type":"page","link":"https:\/\/www.zeitwerkstatt.at\/cms\/?page_id=714","title":{"rendered":"Uhrmachermeister mit 21 Jahren &#8211; \u00d61"},"content":{"rendered":"\n<p>Am 17.02.2021 wurde im Zuge der <a href=\"https:\/\/oe1.orf.at\/moment\" target=\"_blank\" rel=\"noreferrer noopener\">Sendereihe Moment<\/a> im Radioprogramm von <a href=\"https:\/\/oe1.orf.at\" target=\"_blank\" rel=\"noreferrer noopener\">\u00d6sterreich 1<\/a> ein Bericht \u00fcber die Zeitwerkstatt ausgestrahlt.<\/p>\n\n\n\n<p>Hier gibt&#8217;s den Beitrag zum Nachh\u00f6ren:<\/p>\n\n\n\n<figure class=\"wp-block-audio\"><audio controls controlsList=\"nodownload\" src=\"https:\/\/www.zeitwerkstatt.at\/cms\/wp-content\/uploads\/2026\/04\/2021-02-17-OE1-Uhrmachermeister_mit_21_Jahren.mp3\"><\/audio><\/figure>\n\n\n\n<figure class=\"wp-block-table\"><table><tbody><tr><td class=\"has-text-align-center\" data-align=\"center\"><a href=\"https:\/\/oe1.orf.at\/moment\" target=\"_blank\" rel=\"noreferrer noopener\"><img loading=\"lazy\" decoding=\"async\" width=\"267\" height=\"150\" class=\"wp-image-869\" style=\"width: 267px;\" src=\"https:\/\/www.zeitwerkstatt.at\/cms\/wp-content\/uploads\/2026\/04\/oe1_moment_267x150.png\" alt=\"\"><\/a><\/td><td class=\"has-text-align-center\" data-align=\"center\"><a href=\"https:\/\/oe1.orf.at\" target=\"_blank\" rel=\"noreferrer noopener\"><img loading=\"lazy\" decoding=\"async\" width=\"150\" height=\"150\" class=\"wp-image-871\" style=\"width: 150px;\" src=\"https:\/\/www.zeitwerkstatt.at\/cms\/wp-content\/uploads\/2026\/04\/oe1_150x150.png\" alt=\"\" srcset=\"https:\/\/www.zeitwerkstatt.at\/cms\/wp-content\/uploads\/2026\/04\/oe1_150x150.png 150w, https:\/\/www.zeitwerkstatt.at\/cms\/wp-content\/uploads\/2026\/04\/oe1_150x150-100x100.png 100w\" sizes=\"(max-width: 150px) 100vw, 150px\" \/><\/a><\/td><\/tr><tr><td class=\"has-text-align-center\" data-align=\"center\"><a href=\"https:\/\/oe1.orf.at\/moment\" target=\"_blank\" rel=\"noreferrer noopener\">Sendereihe Moment &#8211; \u00d6sterreich 1<\/a><\/td><td class=\"has-text-align-center\" data-align=\"center\"><a href=\"https:\/\/oe1.orf.at\" target=\"_blank\" rel=\"noreferrer noopener\">\u00d6sterreich 1 &#8211; Radio<\/a><\/td><\/tr><\/tbody><\/table><\/figure>\n\n\n\n<p class=\"has-text-align-center has-small-font-size\">\u00a9 ORF<\/p>\n","protected":false},"excerpt":{"rendered":"<p>Am 17.02.2021 wurde im Zuge der Sendereihe Moment im Radioprogramm von \u00d6sterreich 1 ein Bericht \u00fcber die Zeitwerkstatt ausgestrahlt. Hier gibt&#8217;s den Beitrag zum Nachh\u00f6ren: Sendereihe Moment &#8211; \u00d6sterreich 1 \u00d6sterreich 1 &#8211; Radio \u00a9 ORF<\/p>\n","protected":false},"author":1,"featured_media":0,"parent":0,"menu_order":0,"comment_status":"closed","ping_status":"closed","template":"","meta":{"footnotes":""},"_links":{"self":[{"href":"https:\/\/www.zeitwerkstatt.at\/cms\/index.php?rest_route=\/wp\/v2\/pages\/714"}],"collection":[{"href":"https:\/\/www.zeitwerkstatt.at\/cms\/index.php?rest_route=\/wp\/v2\/pages"}],"about":[{"href":"https:\/\/www.zeitwerkstatt.at\/cms\/index.php?rest_route=\/wp\/v2\/types\/page"}],"author":[{"embeddable":true,"href":"https:\/\/www.zeitwerkstatt.at\/cms\/index.php?rest_route=\/wp\/v2\/users\/1"}],"replies":[{"embeddable":true,"href":"https:\/\/www.zeitwerkstatt.at\/cms\/index.php?rest_route=%2Fwp%2Fv2%2Fcomments&post=714"}],"version-history":[{"count":22,"href":"https:\/\/www.zeitwerkstatt.at\/cms\/index.php?rest_route=\/wp\/v2\/pages\/714\/revisions"}],"predecessor-version":[{"id":911,"href":"https:\/\/www.zeitwerkstatt.at\/cms\/index.php?rest_route=\/wp\/v2\/pages\/714\/revisions\/911"}],"wp:attachment":[{"href":"https:\/\/www.zeitwerkstatt.at\/cms\/index.php?rest_route=%2Fwp%2Fv2%2Fmedia&parent=714"}],"curies":[{"name":"wp","href":"https:\/\/api.w.org\/{rel}","templated":true}]}}