{"id":688,"date":"2026-03-28T23:29:33","date_gmt":"2026-03-28T22:29:33","guid":{"rendered":"https:\/\/www.zeitwerkstatt.at\/cms\/?page_id=688"},"modified":"2026-04-09T09:55:04","modified_gmt":"2026-04-09T07:55:04","slug":"good-job-antenne-steiermark","status":"publish","type":"page","link":"https:\/\/www.zeitwerkstatt.at\/cms\/?page_id=688","title":{"rendered":"Good Job &#8211; Antenne Steiermark"},"content":{"rendered":"\n<p class=\"has-text-align-center has-small-font-size\">Nominiert und ver\u00f6ffentlicht in der Rubrik \u2013 Good Job \u2013 am 27.03.2026<\/p>\n\n\n\n<figure class=\"wp-block-image size-full\"><a href=\"https:\/\/www.zeitwerkstatt.at\/cms\/wp-content\/uploads\/2026\/03\/goodjob.png\" target=\"_blank\" rel=\"noreferrer noopener\"><img loading=\"lazy\" decoding=\"async\" width=\"700\" height=\"405\" src=\"https:\/\/www.zeitwerkstatt.at\/cms\/wp-content\/uploads\/2026\/03\/goodjob-small.png\" alt=\"\" class=\"wp-image-689\" srcset=\"https:\/\/www.zeitwerkstatt.at\/cms\/wp-content\/uploads\/2026\/03\/goodjob-small.png 700w, https:\/\/www.zeitwerkstatt.at\/cms\/wp-content\/uploads\/2026\/03\/goodjob-small-300x174.png 300w\" sizes=\"(max-width: 700px) 100vw, 700px\" \/><\/a><\/figure>\n\n\n\n<p class=\"has-medium-font-size\"><strong>Zeit, die bleibt \u2013 Ein steirischer Uhrmacher mit Herz und Hingabe \u23f0\ud83d\udc9b<\/strong><\/p>\n\n\n\n<p>Es gibt Menschen, die nicht nur einen Beruf aus\u00fcben, sondern eine echte Leidenschaft leben \u2013 so wie dieser junge Uhrmacher aus der Steiermark. Mit viel Feingef\u00fchl, handwerklichem K\u00f6nnen und beeindruckendem Engagement hat er es geschafft, ein traditionsreiches Handwerk lebendig zu halten. \ud83d\udd27\u2728<\/p>\n\n\n\n<p>Jetzt war der richtige Moment gekommen, den n\u00e4chsten gro\u00dfen Schritt zu gehen: die Selbstst\u00e4ndigkeit. In Markt Hartmannsdorf hat er sich seinen Traum erf\u00fcllt und seine eigene <strong>Zeit<\/strong>werkstatt er\u00f6ffnet \u2013 ein Ort, an dem Pr\u00e4zision, Geduld und Liebe zum Detail sp\u00fcrbar sind. \ud83c\udfe1\ud83d\udd70\ufe0f<\/p>\n\n\n\n<p>Dort widmet er sich mit gro\u00dfer Sorgfalt der Reparatur und Restauration von Wand-, Stand- und Pendeluhren ebenso wie von Armband- und Taschenuhren. Jedes St\u00fcck erz\u00e4hlt seine eigene Geschichte \u2013 und bei ihm bekommt jede Uhr genau die <strong>Zeit<\/strong> und Aufmerksamkeit, die sie verdient. \ud83d\udcac\u231a<\/p>\n\n\n\n<p>Mit seinem K\u00f6nnen, seiner ruhigen Art und seinem handwerklichen Geschick \u2013 bis hin zur Anfertigung einzelner Uhrenteile \u2013 bewahrt er ein selten gewordenes Handwerk. Und sorgt daf\u00fcr, dass viele wertvolle <strong>Zeit<\/strong>messer wieder ihren Takt finden. \ud83d\udd29\u2764\ufe0f<\/p>\n\n\n\n<p>Ein echtes St\u00fcck steirische Handwerkskunst \u2013 und eine Leistung, die mehr als nur ein \u201eGood Job\u201c verdient hat. \ud83d\ude4c<\/p>\n\n\n\n<p class=\"has-text-align-center\"><a href=\"https:\/\/steiermark.antenne.at\/story\/good-job-or-jakob-tieber\" target=\"_blank\" rel=\"noreferrer noopener\">Hier geht&#8217;s zum Original-Artikel bei Antenne Steiermark.<\/a><\/p>\n\n\n\n<figure class=\"wp-block-table\"><table><tbody><tr><td class=\"has-text-align-center\" data-align=\"center\"><a href=\"https:\/\/steiermark.antenne.at\/stories\/good-job\" target=\"_blank\" rel=\"noreferrer noopener\"><img loading=\"lazy\" decoding=\"async\" width=\"247\" height=\"137\" class=\"wp-image-882\" style=\"width: 247px;\" src=\"https:\/\/www.zeitwerkstatt.at\/cms\/wp-content\/uploads\/2026\/04\/antenne_good_job_247x137.png\" alt=\"\"><\/a><\/td><td class=\"has-text-align-center\" data-align=\"center\"><a href=\"https:\/\/steiermark.antenne.at\" target=\"_blank\" rel=\"noreferrer noopener\"><img loading=\"lazy\" decoding=\"async\" width=\"250\" height=\"137\" class=\"wp-image-884\" style=\"width: 250px;\" src=\"https:\/\/www.zeitwerkstatt.at\/cms\/wp-content\/uploads\/2026\/04\/antenne_steiermark_250x137.png\" alt=\"\"><\/a><\/td><\/tr><tr><td class=\"has-text-align-center\" data-align=\"center\"><a href=\"https:\/\/steiermark.antenne.at\/stories\/good-job\" target=\"_blank\" rel=\"noreferrer noopener\">Good Job &#8211; Antenne Steiermark<\/a><\/td><td class=\"has-text-align-center\" data-align=\"center\"><a href=\"https:\/\/steiermark.antenne.at\" target=\"_blank\" rel=\"noreferrer noopener\">Antenne Steiermark<\/a><\/td><\/tr><\/tbody><\/table><\/figure>\n\n\n\n<p class=\"has-text-align-center has-small-font-size\">\u00a9 Antenne Steiermark<\/p>\n","protected":false},"excerpt":{"rendered":"<p>Nominiert und ver\u00f6ffentlicht in der Rubrik \u2013 Good Job \u2013 am 27.03.2026 Zeit, die bleibt \u2013 Ein steirischer Uhrmacher mit Herz und Hingabe \u23f0\ud83d\udc9b Es gibt Menschen, die nicht nur einen Beruf aus\u00fcben, sondern eine echte Leidenschaft leben \u2013 so wie dieser junge Uhrmacher aus der Steiermark. Mit viel Feingef\u00fchl, handwerklichem K\u00f6nnen und beeindruckendem Engagement &hellip; <\/p>\n<p class=\"link-more\"><a href=\"https:\/\/www.zeitwerkstatt.at\/cms\/?page_id=688\" class=\"more-link\"><span class=\"screen-reader-text\">\u201eGood Job &#8211; Antenne Steiermark\u201c<\/span> weiterlesen<\/a><\/p>\n","protected":false},"author":1,"featured_media":0,"parent":0,"menu_order":0,"comment_status":"closed","ping_status":"closed","template":"","meta":{"footnotes":""},"_links":{"self":[{"href":"https:\/\/www.zeitwerkstatt.at\/cms\/index.php?rest_route=\/wp\/v2\/pages\/688"}],"collection":[{"href":"https:\/\/www.zeitwerkstatt.at\/cms\/index.php?rest_route=\/wp\/v2\/pages"}],"about":[{"href":"https:\/\/www.zeitwerkstatt.at\/cms\/index.php?rest_route=\/wp\/v2\/types\/page"}],"author":[{"embeddable":true,"href":"https:\/\/www.zeitwerkstatt.at\/cms\/index.php?rest_route=\/wp\/v2\/users\/1"}],"replies":[{"embeddable":true,"href":"https:\/\/www.zeitwerkstatt.at\/cms\/index.php?rest_route=%2Fwp%2Fv2%2Fcomments&post=688"}],"version-history":[{"count":19,"href":"https:\/\/www.zeitwerkstatt.at\/cms\/index.php?rest_route=\/wp\/v2\/pages\/688\/revisions"}],"predecessor-version":[{"id":913,"href":"https:\/\/www.zeitwerkstatt.at\/cms\/index.php?rest_route=\/wp\/v2\/pages\/688\/revisions\/913"}],"wp:attachment":[{"href":"https:\/\/www.zeitwerkstatt.at\/cms\/index.php?rest_route=%2Fwp%2Fv2%2Fmedia&parent=688"}],"curies":[{"name":"wp","href":"https:\/\/api.w.org\/{rel}","templated":true}]}}