{"id":481,"date":"2022-11-09T15:49:13","date_gmt":"2022-11-09T14:49:13","guid":{"rendered":"http:\/\/www.zeitwerkstatt.at\/cms\/?page_id=481"},"modified":"2022-11-21T21:23:22","modified_gmt":"2022-11-21T20:23:22","slug":"rolex-gmt","status":"publish","type":"page","link":"https:\/\/www.zeitwerkstatt.at\/cms\/?page_id=481","title":{"rendered":"Rolex Gmt"},"content":{"rendered":"\n<div class=\"wp-block-media-text alignwide is-stacked-on-mobile\"><figure class=\"wp-block-media-text__media\"><img loading=\"lazy\" decoding=\"async\" width=\"768\" height=\"1024\" src=\"http:\/\/www.zeitwerkstatt.at\/cms\/wp-content\/uploads\/2022\/11\/IMG_20201102_153428-768x1024.jpg\" alt=\"\" class=\"wp-image-482 size-full\" srcset=\"https:\/\/www.zeitwerkstatt.at\/cms\/wp-content\/uploads\/2022\/11\/IMG_20201102_153428-768x1024.jpg 768w, https:\/\/www.zeitwerkstatt.at\/cms\/wp-content\/uploads\/2022\/11\/IMG_20201102_153428-225x300.jpg 225w, https:\/\/www.zeitwerkstatt.at\/cms\/wp-content\/uploads\/2022\/11\/IMG_20201102_153428-1152x1536.jpg 1152w, https:\/\/www.zeitwerkstatt.at\/cms\/wp-content\/uploads\/2022\/11\/IMG_20201102_153428-1536x2048.jpg 1536w, https:\/\/www.zeitwerkstatt.at\/cms\/wp-content\/uploads\/2022\/11\/IMG_20201102_153428-scaled.jpg 1920w\" sizes=\"(max-width: 767px) 89vw, (max-width: 1000px) 54vw, (max-width: 1071px) 543px, 580px\" \/><\/figure><div class=\"wp-block-media-text__content\">\n<p>Service einer Rolex Gmt. Die Uhren von Rolex sind sehr servicefreundlich und es ist immer wieder eine Freude an einer arbeiten zu d\u00fcrfen.<\/p>\n<\/div><\/div>\n\n\n\n<div class=\"wp-block-media-text alignwide is-stacked-on-mobile\"><figure class=\"wp-block-media-text__media\"><img loading=\"lazy\" decoding=\"async\" width=\"768\" height=\"1024\" src=\"http:\/\/www.zeitwerkstatt.at\/cms\/wp-content\/uploads\/2022\/11\/IMG_20201102_153455-768x1024.jpg\" alt=\"\" class=\"wp-image-483 size-full\" srcset=\"https:\/\/www.zeitwerkstatt.at\/cms\/wp-content\/uploads\/2022\/11\/IMG_20201102_153455-768x1024.jpg 768w, https:\/\/www.zeitwerkstatt.at\/cms\/wp-content\/uploads\/2022\/11\/IMG_20201102_153455-225x300.jpg 225w, https:\/\/www.zeitwerkstatt.at\/cms\/wp-content\/uploads\/2022\/11\/IMG_20201102_153455-1152x1536.jpg 1152w, https:\/\/www.zeitwerkstatt.at\/cms\/wp-content\/uploads\/2022\/11\/IMG_20201102_153455-1536x2048.jpg 1536w, https:\/\/www.zeitwerkstatt.at\/cms\/wp-content\/uploads\/2022\/11\/IMG_20201102_153455-scaled.jpg 1920w\" sizes=\"(max-width: 767px) 89vw, (max-width: 1000px) 54vw, (max-width: 1071px) 543px, 580px\" \/><\/figure><div class=\"wp-block-media-text__content\">\n<p><\/p>\n<\/div><\/div>\n\n\n\n<div class=\"wp-block-media-text alignwide is-stacked-on-mobile\"><figure class=\"wp-block-media-text__media\"><img loading=\"lazy\" decoding=\"async\" width=\"768\" height=\"1024\" src=\"http:\/\/www.zeitwerkstatt.at\/cms\/wp-content\/uploads\/2022\/11\/IMG_20201102_153620-768x1024.jpg\" alt=\"\" class=\"wp-image-484 size-full\" srcset=\"https:\/\/www.zeitwerkstatt.at\/cms\/wp-content\/uploads\/2022\/11\/IMG_20201102_153620-768x1024.jpg 768w, https:\/\/www.zeitwerkstatt.at\/cms\/wp-content\/uploads\/2022\/11\/IMG_20201102_153620-225x300.jpg 225w, https:\/\/www.zeitwerkstatt.at\/cms\/wp-content\/uploads\/2022\/11\/IMG_20201102_153620-1152x1536.jpg 1152w, https:\/\/www.zeitwerkstatt.at\/cms\/wp-content\/uploads\/2022\/11\/IMG_20201102_153620-1536x2048.jpg 1536w, https:\/\/www.zeitwerkstatt.at\/cms\/wp-content\/uploads\/2022\/11\/IMG_20201102_153620-scaled.jpg 1920w\" sizes=\"(max-width: 767px) 89vw, (max-width: 1000px) 54vw, (max-width: 1071px) 543px, 580px\" \/><\/figure><div class=\"wp-block-media-text__content\">\n<p><\/p>\n<\/div><\/div>\n\n\n\n<div class=\"wp-block-media-text alignwide is-stacked-on-mobile\"><figure class=\"wp-block-media-text__media\"><img loading=\"lazy\" decoding=\"async\" width=\"768\" height=\"1024\" src=\"http:\/\/www.zeitwerkstatt.at\/cms\/wp-content\/uploads\/2022\/11\/IMG_20201102_153837-768x1024.jpg\" alt=\"\" class=\"wp-image-485 size-full\" srcset=\"https:\/\/www.zeitwerkstatt.at\/cms\/wp-content\/uploads\/2022\/11\/IMG_20201102_153837-768x1024.jpg 768w, https:\/\/www.zeitwerkstatt.at\/cms\/wp-content\/uploads\/2022\/11\/IMG_20201102_153837-225x300.jpg 225w, https:\/\/www.zeitwerkstatt.at\/cms\/wp-content\/uploads\/2022\/11\/IMG_20201102_153837-1152x1536.jpg 1152w, https:\/\/www.zeitwerkstatt.at\/cms\/wp-content\/uploads\/2022\/11\/IMG_20201102_153837-1536x2048.jpg 1536w, https:\/\/www.zeitwerkstatt.at\/cms\/wp-content\/uploads\/2022\/11\/IMG_20201102_153837-scaled.jpg 1920w\" sizes=\"(max-width: 767px) 89vw, (max-width: 1000px) 54vw, (max-width: 1071px) 543px, 580px\" \/><\/figure><div class=\"wp-block-media-text__content\">\n<p><\/p>\n<\/div><\/div>\n\n\n\n<div class=\"wp-block-media-text alignwide is-stacked-on-mobile\"><figure class=\"wp-block-media-text__media\"><img loading=\"lazy\" decoding=\"async\" width=\"768\" height=\"1024\" src=\"http:\/\/www.zeitwerkstatt.at\/cms\/wp-content\/uploads\/2022\/11\/IMG_20201102_161652-768x1024.jpg\" alt=\"\" class=\"wp-image-486 size-full\" srcset=\"https:\/\/www.zeitwerkstatt.at\/cms\/wp-content\/uploads\/2022\/11\/IMG_20201102_161652-768x1024.jpg 768w, https:\/\/www.zeitwerkstatt.at\/cms\/wp-content\/uploads\/2022\/11\/IMG_20201102_161652-225x300.jpg 225w, https:\/\/www.zeitwerkstatt.at\/cms\/wp-content\/uploads\/2022\/11\/IMG_20201102_161652-1152x1536.jpg 1152w, https:\/\/www.zeitwerkstatt.at\/cms\/wp-content\/uploads\/2022\/11\/IMG_20201102_161652-1536x2048.jpg 1536w, https:\/\/www.zeitwerkstatt.at\/cms\/wp-content\/uploads\/2022\/11\/IMG_20201102_161652-scaled.jpg 1920w\" sizes=\"(max-width: 767px) 89vw, (max-width: 1000px) 54vw, (max-width: 1071px) 543px, 580px\" \/><\/figure><div class=\"wp-block-media-text__content\">\n<p>Das Gangrad war durch einen Feuchtigkeitseintritt korrodiert, gl\u00fccklicherweise war es das einzig betroffene Bauteil und wurde nat\u00fcrlich mit einem Originalersatzteil ersetzt.<\/p>\n<\/div><\/div>\n\n\n\n<div class=\"wp-block-media-text alignwide is-stacked-on-mobile\"><figure class=\"wp-block-media-text__media\"><img loading=\"lazy\" decoding=\"async\" width=\"768\" height=\"1024\" src=\"http:\/\/www.zeitwerkstatt.at\/cms\/wp-content\/uploads\/2022\/11\/IMG_20201103_150528-768x1024.jpg\" alt=\"\" class=\"wp-image-487 size-full\" srcset=\"https:\/\/www.zeitwerkstatt.at\/cms\/wp-content\/uploads\/2022\/11\/IMG_20201103_150528-768x1024.jpg 768w, https:\/\/www.zeitwerkstatt.at\/cms\/wp-content\/uploads\/2022\/11\/IMG_20201103_150528-225x300.jpg 225w, https:\/\/www.zeitwerkstatt.at\/cms\/wp-content\/uploads\/2022\/11\/IMG_20201103_150528-1152x1536.jpg 1152w, https:\/\/www.zeitwerkstatt.at\/cms\/wp-content\/uploads\/2022\/11\/IMG_20201103_150528-1536x2048.jpg 1536w, https:\/\/www.zeitwerkstatt.at\/cms\/wp-content\/uploads\/2022\/11\/IMG_20201103_150528-scaled.jpg 1920w\" sizes=\"(max-width: 767px) 89vw, (max-width: 1000px) 54vw, (max-width: 1071px) 543px, 580px\" \/><\/figure><div class=\"wp-block-media-text__content\">\n<p><\/p>\n<\/div><\/div>\n\n\n\n<div class=\"wp-block-media-text alignwide is-stacked-on-mobile\"><figure class=\"wp-block-media-text__media\"><img loading=\"lazy\" decoding=\"async\" width=\"768\" height=\"1024\" src=\"http:\/\/www.zeitwerkstatt.at\/cms\/wp-content\/uploads\/2022\/11\/IMG_20201102_153437-768x1024.jpg\" alt=\"\" class=\"wp-image-490 size-full\" srcset=\"https:\/\/www.zeitwerkstatt.at\/cms\/wp-content\/uploads\/2022\/11\/IMG_20201102_153437-768x1024.jpg 768w, https:\/\/www.zeitwerkstatt.at\/cms\/wp-content\/uploads\/2022\/11\/IMG_20201102_153437-225x300.jpg 225w, https:\/\/www.zeitwerkstatt.at\/cms\/wp-content\/uploads\/2022\/11\/IMG_20201102_153437-1152x1536.jpg 1152w, https:\/\/www.zeitwerkstatt.at\/cms\/wp-content\/uploads\/2022\/11\/IMG_20201102_153437-1536x2048.jpg 1536w, https:\/\/www.zeitwerkstatt.at\/cms\/wp-content\/uploads\/2022\/11\/IMG_20201102_153437-scaled.jpg 1920w\" sizes=\"(max-width: 767px) 89vw, (max-width: 1000px) 54vw, (max-width: 1071px) 543px, 580px\" \/><\/figure><div class=\"wp-block-media-text__content\">\n<p><\/p>\n<\/div><\/div>\n","protected":false},"excerpt":{"rendered":"<p>Service einer Rolex Gmt. Die Uhren von Rolex sind sehr servicefreundlich und es ist immer wieder eine Freude an einer arbeiten zu d\u00fcrfen. Das Gangrad war durch einen Feuchtigkeitseintritt korrodiert, gl\u00fccklicherweise war es das einzig betroffene Bauteil und wurde nat\u00fcrlich mit einem Originalersatzteil ersetzt.<\/p>\n","protected":false},"author":1,"featured_media":0,"parent":94,"menu_order":0,"comment_status":"closed","ping_status":"closed","template":"","meta":{"footnotes":""},"_links":{"self":[{"href":"https:\/\/www.zeitwerkstatt.at\/cms\/index.php?rest_route=\/wp\/v2\/pages\/481"}],"collection":[{"href":"https:\/\/www.zeitwerkstatt.at\/cms\/index.php?rest_route=\/wp\/v2\/pages"}],"about":[{"href":"https:\/\/www.zeitwerkstatt.at\/cms\/index.php?rest_route=\/wp\/v2\/types\/page"}],"author":[{"embeddable":true,"href":"https:\/\/www.zeitwerkstatt.at\/cms\/index.php?rest_route=\/wp\/v2\/users\/1"}],"replies":[{"embeddable":true,"href":"https:\/\/www.zeitwerkstatt.at\/cms\/index.php?rest_route=%2Fwp%2Fv2%2Fcomments&post=481"}],"version-history":[{"count":3,"href":"https:\/\/www.zeitwerkstatt.at\/cms\/index.php?rest_route=\/wp\/v2\/pages\/481\/revisions"}],"predecessor-version":[{"id":622,"href":"https:\/\/www.zeitwerkstatt.at\/cms\/index.php?rest_route=\/wp\/v2\/pages\/481\/revisions\/622"}],"up":[{"embeddable":true,"href":"https:\/\/www.zeitwerkstatt.at\/cms\/index.php?rest_route=\/wp\/v2\/pages\/94"}],"wp:attachment":[{"href":"https:\/\/www.zeitwerkstatt.at\/cms\/index.php?rest_route=%2Fwp%2Fv2%2Fmedia&parent=481"}],"curies":[{"name":"wp","href":"https:\/\/api.w.org\/{rel}","templated":true}]}}