{"id":459,"date":"2022-11-09T14:26:46","date_gmt":"2022-11-09T13:26:46","guid":{"rendered":"http:\/\/www.zeitwerkstatt.at\/cms\/?page_id=459"},"modified":"2022-11-21T21:13:20","modified_gmt":"2022-11-21T20:13:20","slug":"fruehe-spindeltaschenuhr","status":"publish","type":"page","link":"https:\/\/www.zeitwerkstatt.at\/cms\/?page_id=459","title":{"rendered":"Fr\u00fche Spindeltaschenuhr"},"content":{"rendered":"\n<div class=\"wp-block-media-text alignwide is-stacked-on-mobile\"><figure class=\"wp-block-media-text__media\"><img loading=\"lazy\" decoding=\"async\" width=\"768\" height=\"1024\" src=\"http:\/\/www.zeitwerkstatt.at\/cms\/wp-content\/uploads\/2022\/11\/IMG_20200922_170830-768x1024.jpg\" alt=\"\" class=\"wp-image-460 size-full\" srcset=\"https:\/\/www.zeitwerkstatt.at\/cms\/wp-content\/uploads\/2022\/11\/IMG_20200922_170830-768x1024.jpg 768w, https:\/\/www.zeitwerkstatt.at\/cms\/wp-content\/uploads\/2022\/11\/IMG_20200922_170830-225x300.jpg 225w, https:\/\/www.zeitwerkstatt.at\/cms\/wp-content\/uploads\/2022\/11\/IMG_20200922_170830-1152x1536.jpg 1152w, https:\/\/www.zeitwerkstatt.at\/cms\/wp-content\/uploads\/2022\/11\/IMG_20200922_170830-1536x2048.jpg 1536w, https:\/\/www.zeitwerkstatt.at\/cms\/wp-content\/uploads\/2022\/11\/IMG_20200922_170830-scaled.jpg 1920w\" sizes=\"(max-width: 767px) 89vw, (max-width: 1000px) 54vw, (max-width: 1071px) 543px, 580px\" \/><\/figure><div class=\"wp-block-media-text__content\">\n<p>Diese sch\u00f6ne fr\u00fche Spindeluhr d\u00fcrfte Jahrzehnte keinen Uhrmacher mehr gesehen haben. Das Silber-Geh\u00e4use war stark verf\u00e4rbt und das Werk funktionierte nicht.<\/p>\n<\/div><\/div>\n\n\n\n<div class=\"wp-block-media-text alignwide is-stacked-on-mobile\"><figure class=\"wp-block-media-text__media\"><img loading=\"lazy\" decoding=\"async\" width=\"768\" height=\"1024\" src=\"http:\/\/www.zeitwerkstatt.at\/cms\/wp-content\/uploads\/2022\/11\/IMG_20200922_170839-768x1024.jpg\" alt=\"\" class=\"wp-image-461 size-full\" srcset=\"https:\/\/www.zeitwerkstatt.at\/cms\/wp-content\/uploads\/2022\/11\/IMG_20200922_170839-768x1024.jpg 768w, https:\/\/www.zeitwerkstatt.at\/cms\/wp-content\/uploads\/2022\/11\/IMG_20200922_170839-225x300.jpg 225w, https:\/\/www.zeitwerkstatt.at\/cms\/wp-content\/uploads\/2022\/11\/IMG_20200922_170839-1152x1536.jpg 1152w, https:\/\/www.zeitwerkstatt.at\/cms\/wp-content\/uploads\/2022\/11\/IMG_20200922_170839-1536x2048.jpg 1536w, https:\/\/www.zeitwerkstatt.at\/cms\/wp-content\/uploads\/2022\/11\/IMG_20200922_170839-scaled.jpg 1920w\" sizes=\"(max-width: 767px) 89vw, (max-width: 1000px) 54vw, (max-width: 1071px) 543px, 580px\" \/><\/figure><div class=\"wp-block-media-text__content\">\n<p><\/p>\n<\/div><\/div>\n\n\n\n<div class=\"wp-block-media-text alignwide is-stacked-on-mobile\"><figure class=\"wp-block-media-text__media\"><img loading=\"lazy\" decoding=\"async\" width=\"768\" height=\"1024\" src=\"http:\/\/www.zeitwerkstatt.at\/cms\/wp-content\/uploads\/2022\/11\/IMG_20200922_170927-768x1024.jpg\" alt=\"\" class=\"wp-image-462 size-full\" srcset=\"https:\/\/www.zeitwerkstatt.at\/cms\/wp-content\/uploads\/2022\/11\/IMG_20200922_170927-768x1024.jpg 768w, https:\/\/www.zeitwerkstatt.at\/cms\/wp-content\/uploads\/2022\/11\/IMG_20200922_170927-225x300.jpg 225w, https:\/\/www.zeitwerkstatt.at\/cms\/wp-content\/uploads\/2022\/11\/IMG_20200922_170927-1152x1536.jpg 1152w, https:\/\/www.zeitwerkstatt.at\/cms\/wp-content\/uploads\/2022\/11\/IMG_20200922_170927-1536x2048.jpg 1536w, https:\/\/www.zeitwerkstatt.at\/cms\/wp-content\/uploads\/2022\/11\/IMG_20200922_170927-scaled.jpg 1920w\" sizes=\"(max-width: 767px) 89vw, (max-width: 1000px) 54vw, (max-width: 1071px) 543px, 580px\" \/><\/figure><div class=\"wp-block-media-text__content\">\n<p>Diese alten Werke sind handwerklich unglaublich wertvoll. Damals gab es kaum Maschinen und alles wurde von Hand gefertigt.<\/p>\n<\/div><\/div>\n\n\n\n<div class=\"wp-block-media-text alignwide is-stacked-on-mobile\"><figure class=\"wp-block-media-text__media\"><img loading=\"lazy\" decoding=\"async\" width=\"1024\" height=\"768\" src=\"http:\/\/www.zeitwerkstatt.at\/cms\/wp-content\/uploads\/2022\/11\/IMG_20200922_171719-1024x768.jpg\" alt=\"\" class=\"wp-image-463 size-full\" srcset=\"https:\/\/www.zeitwerkstatt.at\/cms\/wp-content\/uploads\/2022\/11\/IMG_20200922_171719-1024x768.jpg 1024w, https:\/\/www.zeitwerkstatt.at\/cms\/wp-content\/uploads\/2022\/11\/IMG_20200922_171719-300x225.jpg 300w, https:\/\/www.zeitwerkstatt.at\/cms\/wp-content\/uploads\/2022\/11\/IMG_20200922_171719-768x576.jpg 768w, https:\/\/www.zeitwerkstatt.at\/cms\/wp-content\/uploads\/2022\/11\/IMG_20200922_171719-1536x1152.jpg 1536w, https:\/\/www.zeitwerkstatt.at\/cms\/wp-content\/uploads\/2022\/11\/IMG_20200922_171719-2048x1536.jpg 2048w\" sizes=\"(max-width: 767px) 89vw, (max-width: 1000px) 54vw, (max-width: 1071px) 543px, 580px\" \/><\/figure><div class=\"wp-block-media-text__content\">\n<p><\/p>\n<\/div><\/div>\n\n\n\n<div class=\"wp-block-media-text alignwide is-stacked-on-mobile\"><figure class=\"wp-block-media-text__media\"><img loading=\"lazy\" decoding=\"async\" width=\"768\" height=\"1024\" src=\"http:\/\/www.zeitwerkstatt.at\/cms\/wp-content\/uploads\/2022\/11\/IMG_20200922_171829-768x1024.jpg\" alt=\"\" class=\"wp-image-464 size-full\" srcset=\"https:\/\/www.zeitwerkstatt.at\/cms\/wp-content\/uploads\/2022\/11\/IMG_20200922_171829-768x1024.jpg 768w, https:\/\/www.zeitwerkstatt.at\/cms\/wp-content\/uploads\/2022\/11\/IMG_20200922_171829-225x300.jpg 225w, https:\/\/www.zeitwerkstatt.at\/cms\/wp-content\/uploads\/2022\/11\/IMG_20200922_171829-1152x1536.jpg 1152w, https:\/\/www.zeitwerkstatt.at\/cms\/wp-content\/uploads\/2022\/11\/IMG_20200922_171829-1536x2048.jpg 1536w, https:\/\/www.zeitwerkstatt.at\/cms\/wp-content\/uploads\/2022\/11\/IMG_20200922_171829-scaled.jpg 1920w\" sizes=\"(max-width: 767px) 89vw, (max-width: 1000px) 54vw, (max-width: 1071px) 543px, 580px\" \/><\/figure><div class=\"wp-block-media-text__content\">\n<p>Das Werk ohne die obere Platine, so dass man die R\u00e4der sehen kann.<\/p>\n<\/div><\/div>\n\n\n\n<div class=\"wp-block-media-text alignwide is-stacked-on-mobile\"><figure class=\"wp-block-media-text__media\"><img loading=\"lazy\" decoding=\"async\" width=\"768\" height=\"1024\" src=\"http:\/\/www.zeitwerkstatt.at\/cms\/wp-content\/uploads\/2022\/11\/IMG_20200922_171946-768x1024.jpg\" alt=\"\" class=\"wp-image-465 size-full\" srcset=\"https:\/\/www.zeitwerkstatt.at\/cms\/wp-content\/uploads\/2022\/11\/IMG_20200922_171946-768x1024.jpg 768w, https:\/\/www.zeitwerkstatt.at\/cms\/wp-content\/uploads\/2022\/11\/IMG_20200922_171946-225x300.jpg 225w, https:\/\/www.zeitwerkstatt.at\/cms\/wp-content\/uploads\/2022\/11\/IMG_20200922_171946-1152x1536.jpg 1152w, https:\/\/www.zeitwerkstatt.at\/cms\/wp-content\/uploads\/2022\/11\/IMG_20200922_171946-1536x2048.jpg 1536w, https:\/\/www.zeitwerkstatt.at\/cms\/wp-content\/uploads\/2022\/11\/IMG_20200922_171946-scaled.jpg 1920w\" sizes=\"(max-width: 767px) 89vw, (max-width: 1000px) 54vw, (max-width: 1071px) 543px, 580px\" \/><\/figure><div class=\"wp-block-media-text__content\">\n<p>Das Bodenrad mit dem nicht funktionierendem Gesperr in Detailansicht.<\/p>\n<\/div><\/div>\n\n\n\n<div class=\"wp-block-media-text alignwide is-stacked-on-mobile\"><figure class=\"wp-block-media-text__media\"><img loading=\"lazy\" decoding=\"async\" width=\"768\" height=\"1024\" src=\"http:\/\/www.zeitwerkstatt.at\/cms\/wp-content\/uploads\/2022\/11\/IMG_20200923_081514-768x1024.jpg\" alt=\"\" class=\"wp-image-466 size-full\" srcset=\"https:\/\/www.zeitwerkstatt.at\/cms\/wp-content\/uploads\/2022\/11\/IMG_20200923_081514-768x1024.jpg 768w, https:\/\/www.zeitwerkstatt.at\/cms\/wp-content\/uploads\/2022\/11\/IMG_20200923_081514-225x300.jpg 225w, https:\/\/www.zeitwerkstatt.at\/cms\/wp-content\/uploads\/2022\/11\/IMG_20200923_081514-1152x1536.jpg 1152w, https:\/\/www.zeitwerkstatt.at\/cms\/wp-content\/uploads\/2022\/11\/IMG_20200923_081514-1536x2048.jpg 1536w, https:\/\/www.zeitwerkstatt.at\/cms\/wp-content\/uploads\/2022\/11\/IMG_20200923_081514-scaled.jpg 1920w\" sizes=\"(max-width: 767px) 89vw, (max-width: 1000px) 54vw, (max-width: 1071px) 543px, 580px\" \/><\/figure><div class=\"wp-block-media-text__content\">\n<p><\/p>\n<\/div><\/div>\n\n\n\n<div class=\"wp-block-media-text alignwide is-stacked-on-mobile\"><figure class=\"wp-block-media-text__media\"><img loading=\"lazy\" decoding=\"async\" width=\"1024\" height=\"768\" src=\"http:\/\/www.zeitwerkstatt.at\/cms\/wp-content\/uploads\/2022\/11\/IMG_20200923_092023-1024x768.jpg\" alt=\"\" class=\"wp-image-467 size-full\" srcset=\"https:\/\/www.zeitwerkstatt.at\/cms\/wp-content\/uploads\/2022\/11\/IMG_20200923_092023-1024x768.jpg 1024w, https:\/\/www.zeitwerkstatt.at\/cms\/wp-content\/uploads\/2022\/11\/IMG_20200923_092023-300x225.jpg 300w, https:\/\/www.zeitwerkstatt.at\/cms\/wp-content\/uploads\/2022\/11\/IMG_20200923_092023-768x576.jpg 768w, https:\/\/www.zeitwerkstatt.at\/cms\/wp-content\/uploads\/2022\/11\/IMG_20200923_092023-1536x1152.jpg 1536w, https:\/\/www.zeitwerkstatt.at\/cms\/wp-content\/uploads\/2022\/11\/IMG_20200923_092023-2048x1536.jpg 2048w\" sizes=\"(max-width: 767px) 89vw, (max-width: 1000px) 54vw, (max-width: 1071px) 543px, 580px\" \/><\/figure><div class=\"wp-block-media-text__content\">\n<p>Das bereits gereinigte Uhrwerk mit all den R\u00e4dern.<\/p>\n<\/div><\/div>\n\n\n\n<div class=\"wp-block-media-text alignwide is-stacked-on-mobile\"><figure class=\"wp-block-media-text__media\"><img loading=\"lazy\" decoding=\"async\" width=\"768\" height=\"1024\" src=\"http:\/\/www.zeitwerkstatt.at\/cms\/wp-content\/uploads\/2022\/11\/IMG_20200923_140451-768x1024.jpg\" alt=\"\" class=\"wp-image-468 size-full\" srcset=\"https:\/\/www.zeitwerkstatt.at\/cms\/wp-content\/uploads\/2022\/11\/IMG_20200923_140451-768x1024.jpg 768w, https:\/\/www.zeitwerkstatt.at\/cms\/wp-content\/uploads\/2022\/11\/IMG_20200923_140451-225x300.jpg 225w, https:\/\/www.zeitwerkstatt.at\/cms\/wp-content\/uploads\/2022\/11\/IMG_20200923_140451-1152x1536.jpg 1152w, https:\/\/www.zeitwerkstatt.at\/cms\/wp-content\/uploads\/2022\/11\/IMG_20200923_140451-1536x2048.jpg 1536w, https:\/\/www.zeitwerkstatt.at\/cms\/wp-content\/uploads\/2022\/11\/IMG_20200923_140451-scaled.jpg 1920w\" sizes=\"(max-width: 767px) 89vw, (max-width: 1000px) 54vw, (max-width: 1071px) 543px, 580px\" \/><\/figure><div class=\"wp-block-media-text__content\">\n<p>Das Silber ist auch wieder sehr sch\u00f6n geworden, und die Uhr l\u00e4uft wieder wie sie soll.<\/p>\n<\/div><\/div>\n\n\n\n<div class=\"wp-block-media-text alignwide is-stacked-on-mobile\"><figure class=\"wp-block-media-text__media\"><img loading=\"lazy\" decoding=\"async\" width=\"768\" height=\"1024\" src=\"http:\/\/www.zeitwerkstatt.at\/cms\/wp-content\/uploads\/2022\/11\/IMG_20200923_140543-768x1024.jpg\" alt=\"\" class=\"wp-image-469 size-full\" srcset=\"https:\/\/www.zeitwerkstatt.at\/cms\/wp-content\/uploads\/2022\/11\/IMG_20200923_140543-768x1024.jpg 768w, https:\/\/www.zeitwerkstatt.at\/cms\/wp-content\/uploads\/2022\/11\/IMG_20200923_140543-225x300.jpg 225w, https:\/\/www.zeitwerkstatt.at\/cms\/wp-content\/uploads\/2022\/11\/IMG_20200923_140543-1152x1536.jpg 1152w, https:\/\/www.zeitwerkstatt.at\/cms\/wp-content\/uploads\/2022\/11\/IMG_20200923_140543-1536x2048.jpg 1536w, https:\/\/www.zeitwerkstatt.at\/cms\/wp-content\/uploads\/2022\/11\/IMG_20200923_140543-scaled.jpg 1920w\" sizes=\"(max-width: 767px) 89vw, (max-width: 1000px) 54vw, (max-width: 1071px) 543px, 580px\" \/><\/figure><div class=\"wp-block-media-text__content\">\n<p><\/p>\n<\/div><\/div>\n\n\n\n<div class=\"wp-block-media-text alignwide is-stacked-on-mobile\"><figure class=\"wp-block-media-text__media\"><img loading=\"lazy\" decoding=\"async\" width=\"768\" height=\"1024\" src=\"http:\/\/www.zeitwerkstatt.at\/cms\/wp-content\/uploads\/2022\/11\/IMG_20200923_140624-768x1024.jpg\" alt=\"\" class=\"wp-image-470 size-full\" srcset=\"https:\/\/www.zeitwerkstatt.at\/cms\/wp-content\/uploads\/2022\/11\/IMG_20200923_140624-768x1024.jpg 768w, https:\/\/www.zeitwerkstatt.at\/cms\/wp-content\/uploads\/2022\/11\/IMG_20200923_140624-225x300.jpg 225w, https:\/\/www.zeitwerkstatt.at\/cms\/wp-content\/uploads\/2022\/11\/IMG_20200923_140624-1152x1536.jpg 1152w, https:\/\/www.zeitwerkstatt.at\/cms\/wp-content\/uploads\/2022\/11\/IMG_20200923_140624-1536x2048.jpg 1536w, https:\/\/www.zeitwerkstatt.at\/cms\/wp-content\/uploads\/2022\/11\/IMG_20200923_140624-scaled.jpg 1920w\" sizes=\"(max-width: 767px) 89vw, (max-width: 1000px) 54vw, (max-width: 1071px) 543px, 580px\" \/><\/figure><div class=\"wp-block-media-text__content\">\n<p><\/p>\n<\/div><\/div>\n","protected":false},"excerpt":{"rendered":"<p>Diese sch\u00f6ne fr\u00fche Spindeluhr d\u00fcrfte Jahrzehnte keinen Uhrmacher mehr gesehen haben. Das Silber-Geh\u00e4use war stark verf\u00e4rbt und das Werk funktionierte nicht. Diese alten Werke sind handwerklich unglaublich wertvoll. Damals gab es kaum Maschinen und alles wurde von Hand gefertigt. Das Werk ohne die obere Platine, so dass man die R\u00e4der sehen kann. Das Bodenrad mit &hellip; <\/p>\n<p class=\"link-more\"><a href=\"https:\/\/www.zeitwerkstatt.at\/cms\/?page_id=459\" class=\"more-link\"><span class=\"screen-reader-text\">\u201eFr\u00fche Spindeltaschenuhr\u201c<\/span> weiterlesen<\/a><\/p>\n","protected":false},"author":1,"featured_media":0,"parent":94,"menu_order":0,"comment_status":"closed","ping_status":"closed","template":"","meta":{"footnotes":""},"_links":{"self":[{"href":"https:\/\/www.zeitwerkstatt.at\/cms\/index.php?rest_route=\/wp\/v2\/pages\/459"}],"collection":[{"href":"https:\/\/www.zeitwerkstatt.at\/cms\/index.php?rest_route=\/wp\/v2\/pages"}],"about":[{"href":"https:\/\/www.zeitwerkstatt.at\/cms\/index.php?rest_route=\/wp\/v2\/types\/page"}],"author":[{"embeddable":true,"href":"https:\/\/www.zeitwerkstatt.at\/cms\/index.php?rest_route=\/wp\/v2\/users\/1"}],"replies":[{"embeddable":true,"href":"https:\/\/www.zeitwerkstatt.at\/cms\/index.php?rest_route=%2Fwp%2Fv2%2Fcomments&post=459"}],"version-history":[{"count":3,"href":"https:\/\/www.zeitwerkstatt.at\/cms\/index.php?rest_route=\/wp\/v2\/pages\/459\/revisions"}],"predecessor-version":[{"id":612,"href":"https:\/\/www.zeitwerkstatt.at\/cms\/index.php?rest_route=\/wp\/v2\/pages\/459\/revisions\/612"}],"up":[{"embeddable":true,"href":"https:\/\/www.zeitwerkstatt.at\/cms\/index.php?rest_route=\/wp\/v2\/pages\/94"}],"wp:attachment":[{"href":"https:\/\/www.zeitwerkstatt.at\/cms\/index.php?rest_route=%2Fwp%2Fv2%2Fmedia&parent=459"}],"curies":[{"name":"wp","href":"https:\/\/api.w.org\/{rel}","templated":true}]}}