{"id":422,"date":"2022-11-09T13:40:10","date_gmt":"2022-11-09T12:40:10","guid":{"rendered":"http:\/\/www.zeitwerkstatt.at\/cms\/?page_id=422"},"modified":"2022-11-21T21:05:55","modified_gmt":"2022-11-21T20:05:55","slug":"bilderuhr-mit-automat","status":"publish","type":"page","link":"https:\/\/www.zeitwerkstatt.at\/cms\/?page_id=422","title":{"rendered":"Bilderuhr mit Automat"},"content":{"rendered":"\n<div class=\"wp-block-media-text alignwide is-stacked-on-mobile\"><figure class=\"wp-block-media-text__media\"><img loading=\"lazy\" decoding=\"async\" width=\"1024\" height=\"768\" src=\"http:\/\/www.zeitwerkstatt.at\/cms\/wp-content\/uploads\/2022\/11\/IMG_20200623_170427-1-1024x768.jpg\" alt=\"\" class=\"wp-image-425 size-full\" srcset=\"https:\/\/www.zeitwerkstatt.at\/cms\/wp-content\/uploads\/2022\/11\/IMG_20200623_170427-1-1024x768.jpg 1024w, https:\/\/www.zeitwerkstatt.at\/cms\/wp-content\/uploads\/2022\/11\/IMG_20200623_170427-1-300x225.jpg 300w, https:\/\/www.zeitwerkstatt.at\/cms\/wp-content\/uploads\/2022\/11\/IMG_20200623_170427-1-768x576.jpg 768w, https:\/\/www.zeitwerkstatt.at\/cms\/wp-content\/uploads\/2022\/11\/IMG_20200623_170427-1-1536x1152.jpg 1536w, https:\/\/www.zeitwerkstatt.at\/cms\/wp-content\/uploads\/2022\/11\/IMG_20200623_170427-1-2048x1536.jpg 2048w\" sizes=\"(max-width: 767px) 89vw, (max-width: 1000px) 54vw, (max-width: 1071px) 543px, 580px\" \/><\/figure><div class=\"wp-block-media-text__content\">\n<p>Hier ist eine Biedermeier Bilderuhr von ca. 1820-30 zu sehen, die Besonderheit an der Uhr ist der Automat in Form eines Springbrunnens. Es scheint als w\u00fcrde das Wasser aus dem Springbrunnen heraus flie\u00dfen.<\/p>\n\n\n\n<p><\/p>\n\n\n\n<p><\/p>\n<\/div><\/div>\n\n\n\n<div class=\"wp-block-media-text alignwide is-stacked-on-mobile\"><figure class=\"wp-block-media-text__media\"><img loading=\"lazy\" decoding=\"async\" width=\"768\" height=\"1024\" src=\"http:\/\/www.zeitwerkstatt.at\/cms\/wp-content\/uploads\/2022\/11\/IMG_20200623_161816-768x1024.jpg\" alt=\"\" class=\"wp-image-430 size-full\" srcset=\"https:\/\/www.zeitwerkstatt.at\/cms\/wp-content\/uploads\/2022\/11\/IMG_20200623_161816-768x1024.jpg 768w, https:\/\/www.zeitwerkstatt.at\/cms\/wp-content\/uploads\/2022\/11\/IMG_20200623_161816-225x300.jpg 225w, https:\/\/www.zeitwerkstatt.at\/cms\/wp-content\/uploads\/2022\/11\/IMG_20200623_161816-1152x1536.jpg 1152w, https:\/\/www.zeitwerkstatt.at\/cms\/wp-content\/uploads\/2022\/11\/IMG_20200623_161816-1536x2048.jpg 1536w, https:\/\/www.zeitwerkstatt.at\/cms\/wp-content\/uploads\/2022\/11\/IMG_20200623_161816-scaled.jpg 1920w\" sizes=\"(max-width: 767px) 89vw, (max-width: 1000px) 54vw, (max-width: 1071px) 543px, 580px\" \/><\/figure><div class=\"wp-block-media-text__content\">\n<p>Das Uhrwerk an sich war in einem ausgezeichneten Zustand f\u00fcr sein Alter. Wie immer mussten jedoch ein paar Lager ersetzt werden, die Zapfen wurden rolliert. <\/p>\n<\/div><\/div>\n\n\n\n<div class=\"wp-block-media-text alignwide is-stacked-on-mobile\"><figure class=\"wp-block-media-text__media\"><img loading=\"lazy\" decoding=\"async\" width=\"768\" height=\"1024\" src=\"http:\/\/www.zeitwerkstatt.at\/cms\/wp-content\/uploads\/2022\/11\/IMG_20200623_161751-768x1024.jpg\" alt=\"\" class=\"wp-image-428 size-full\" srcset=\"https:\/\/www.zeitwerkstatt.at\/cms\/wp-content\/uploads\/2022\/11\/IMG_20200623_161751-768x1024.jpg 768w, https:\/\/www.zeitwerkstatt.at\/cms\/wp-content\/uploads\/2022\/11\/IMG_20200623_161751-225x300.jpg 225w, https:\/\/www.zeitwerkstatt.at\/cms\/wp-content\/uploads\/2022\/11\/IMG_20200623_161751-1152x1536.jpg 1152w, https:\/\/www.zeitwerkstatt.at\/cms\/wp-content\/uploads\/2022\/11\/IMG_20200623_161751-1536x2048.jpg 1536w, https:\/\/www.zeitwerkstatt.at\/cms\/wp-content\/uploads\/2022\/11\/IMG_20200623_161751-scaled.jpg 1920w\" sizes=\"(max-width: 767px) 89vw, (max-width: 1000px) 54vw, (max-width: 1071px) 543px, 580px\" \/><\/figure><div class=\"wp-block-media-text__content\">\n<p>Die Schrauben wurden poliert und blau angelassen.<\/p>\n<\/div><\/div>\n\n\n\n<div class=\"wp-block-media-text alignwide is-stacked-on-mobile\"><figure class=\"wp-block-media-text__media\"><img loading=\"lazy\" decoding=\"async\" width=\"768\" height=\"1024\" src=\"http:\/\/www.zeitwerkstatt.at\/cms\/wp-content\/uploads\/2022\/11\/IMG_20200623_161804-768x1024.jpg\" alt=\"\" class=\"wp-image-429 size-full\" srcset=\"https:\/\/www.zeitwerkstatt.at\/cms\/wp-content\/uploads\/2022\/11\/IMG_20200623_161804-768x1024.jpg 768w, https:\/\/www.zeitwerkstatt.at\/cms\/wp-content\/uploads\/2022\/11\/IMG_20200623_161804-225x300.jpg 225w, https:\/\/www.zeitwerkstatt.at\/cms\/wp-content\/uploads\/2022\/11\/IMG_20200623_161804-1152x1536.jpg 1152w, https:\/\/www.zeitwerkstatt.at\/cms\/wp-content\/uploads\/2022\/11\/IMG_20200623_161804-1536x2048.jpg 1536w, https:\/\/www.zeitwerkstatt.at\/cms\/wp-content\/uploads\/2022\/11\/IMG_20200623_161804-scaled.jpg 1920w\" sizes=\"(max-width: 767px) 89vw, (max-width: 1000px) 54vw, (max-width: 1071px) 543px, 580px\" \/><\/figure><div class=\"wp-block-media-text__content\">\n<p>Vorne links kann man das Rad sehen, welches den Automaten antreibt.<\/p>\n<\/div><\/div>\n\n\n\n<div class=\"wp-block-media-text alignwide is-stacked-on-mobile\"><figure class=\"wp-block-media-text__media\"><img loading=\"lazy\" decoding=\"async\" width=\"1024\" height=\"768\" src=\"http:\/\/www.zeitwerkstatt.at\/cms\/wp-content\/uploads\/2022\/11\/IMG_20200623_162712-scaled-e1667997206778-1024x768.jpg\" alt=\"\" class=\"wp-image-431 size-full\" srcset=\"https:\/\/www.zeitwerkstatt.at\/cms\/wp-content\/uploads\/2022\/11\/IMG_20200623_162712-scaled-e1667997206778-1024x768.jpg 1024w, https:\/\/www.zeitwerkstatt.at\/cms\/wp-content\/uploads\/2022\/11\/IMG_20200623_162712-scaled-e1667997206778-300x225.jpg 300w, https:\/\/www.zeitwerkstatt.at\/cms\/wp-content\/uploads\/2022\/11\/IMG_20200623_162712-scaled-e1667997206778-768x576.jpg 768w, https:\/\/www.zeitwerkstatt.at\/cms\/wp-content\/uploads\/2022\/11\/IMG_20200623_162712-scaled-e1667997206778-1536x1152.jpg 1536w, https:\/\/www.zeitwerkstatt.at\/cms\/wp-content\/uploads\/2022\/11\/IMG_20200623_162712-scaled-e1667997206778-2048x1536.jpg 2048w\" sizes=\"(max-width: 767px) 89vw, (max-width: 1000px) 54vw, (max-width: 1071px) 543px, 580px\" \/><\/figure><div class=\"wp-block-media-text__content\">\n<p>Hier sieht man die Schnur, welche die Drehbewegung vom Uhrwerk an die bemalte Scheibe weitergibt.<\/p>\n<\/div><\/div>\n\n\n\n<div class=\"wp-block-media-text alignwide is-stacked-on-mobile\"><figure class=\"wp-block-media-text__media\"><img loading=\"lazy\" decoding=\"async\" width=\"768\" height=\"1024\" src=\"http:\/\/www.zeitwerkstatt.at\/cms\/wp-content\/uploads\/2022\/11\/IMG_20200623_170445-768x1024.jpg\" alt=\"\" class=\"wp-image-432 size-full\" srcset=\"https:\/\/www.zeitwerkstatt.at\/cms\/wp-content\/uploads\/2022\/11\/IMG_20200623_170445-768x1024.jpg 768w, https:\/\/www.zeitwerkstatt.at\/cms\/wp-content\/uploads\/2022\/11\/IMG_20200623_170445-225x300.jpg 225w, https:\/\/www.zeitwerkstatt.at\/cms\/wp-content\/uploads\/2022\/11\/IMG_20200623_170445-1152x1536.jpg 1152w, https:\/\/www.zeitwerkstatt.at\/cms\/wp-content\/uploads\/2022\/11\/IMG_20200623_170445-1536x2048.jpg 1536w, https:\/\/www.zeitwerkstatt.at\/cms\/wp-content\/uploads\/2022\/11\/IMG_20200623_170445-scaled.jpg 1920w\" sizes=\"(max-width: 767px) 89vw, (max-width: 1000px) 54vw, (max-width: 1071px) 543px, 580px\" \/><\/figure><div class=\"wp-block-media-text__content\">\n<p><\/p>\n<\/div><\/div>\n\n\n\n<div class=\"wp-block-media-text alignwide is-stacked-on-mobile\"><figure class=\"wp-block-media-text__media\"><img loading=\"lazy\" decoding=\"async\" width=\"1024\" height=\"768\" src=\"http:\/\/www.zeitwerkstatt.at\/cms\/wp-content\/uploads\/2022\/11\/IMG_20200623_170440-1024x768.jpg\" alt=\"\" class=\"wp-image-433 size-full\" srcset=\"https:\/\/www.zeitwerkstatt.at\/cms\/wp-content\/uploads\/2022\/11\/IMG_20200623_170440-1024x768.jpg 1024w, https:\/\/www.zeitwerkstatt.at\/cms\/wp-content\/uploads\/2022\/11\/IMG_20200623_170440-300x225.jpg 300w, https:\/\/www.zeitwerkstatt.at\/cms\/wp-content\/uploads\/2022\/11\/IMG_20200623_170440-768x576.jpg 768w, https:\/\/www.zeitwerkstatt.at\/cms\/wp-content\/uploads\/2022\/11\/IMG_20200623_170440-1536x1152.jpg 1536w, https:\/\/www.zeitwerkstatt.at\/cms\/wp-content\/uploads\/2022\/11\/IMG_20200623_170440-2048x1536.jpg 2048w\" sizes=\"(max-width: 767px) 89vw, (max-width: 1000px) 54vw, (max-width: 1071px) 543px, 580px\" \/><\/figure><div class=\"wp-block-media-text__content\">\n<p>Ein sch\u00f6nes und au\u00dfergew\u00f6hnliches St\u00fcck, gerade weil sie besonders klein f\u00fcr eine Bilderuhr ist.<\/p>\n<\/div><\/div>\n","protected":false},"excerpt":{"rendered":"<p>Hier ist eine Biedermeier Bilderuhr von ca. 1820-30 zu sehen, die Besonderheit an der Uhr ist der Automat in Form eines Springbrunnens. Es scheint als w\u00fcrde das Wasser aus dem Springbrunnen heraus flie\u00dfen. Das Uhrwerk an sich war in einem ausgezeichneten Zustand f\u00fcr sein Alter. Wie immer mussten jedoch ein paar Lager ersetzt werden, die &hellip; <\/p>\n<p class=\"link-more\"><a href=\"https:\/\/www.zeitwerkstatt.at\/cms\/?page_id=422\" class=\"more-link\"><span class=\"screen-reader-text\">\u201eBilderuhr mit Automat\u201c<\/span> weiterlesen<\/a><\/p>\n","protected":false},"author":1,"featured_media":0,"parent":94,"menu_order":0,"comment_status":"closed","ping_status":"closed","template":"","meta":{"footnotes":""},"_links":{"self":[{"href":"https:\/\/www.zeitwerkstatt.at\/cms\/index.php?rest_route=\/wp\/v2\/pages\/422"}],"collection":[{"href":"https:\/\/www.zeitwerkstatt.at\/cms\/index.php?rest_route=\/wp\/v2\/pages"}],"about":[{"href":"https:\/\/www.zeitwerkstatt.at\/cms\/index.php?rest_route=\/wp\/v2\/types\/page"}],"author":[{"embeddable":true,"href":"https:\/\/www.zeitwerkstatt.at\/cms\/index.php?rest_route=\/wp\/v2\/users\/1"}],"replies":[{"embeddable":true,"href":"https:\/\/www.zeitwerkstatt.at\/cms\/index.php?rest_route=%2Fwp%2Fv2%2Fcomments&post=422"}],"version-history":[{"count":3,"href":"https:\/\/www.zeitwerkstatt.at\/cms\/index.php?rest_route=\/wp\/v2\/pages\/422\/revisions"}],"predecessor-version":[{"id":606,"href":"https:\/\/www.zeitwerkstatt.at\/cms\/index.php?rest_route=\/wp\/v2\/pages\/422\/revisions\/606"}],"up":[{"embeddable":true,"href":"https:\/\/www.zeitwerkstatt.at\/cms\/index.php?rest_route=\/wp\/v2\/pages\/94"}],"wp:attachment":[{"href":"https:\/\/www.zeitwerkstatt.at\/cms\/index.php?rest_route=%2Fwp%2Fv2%2Fmedia&parent=422"}],"curies":[{"name":"wp","href":"https:\/\/api.w.org\/{rel}","templated":true}]}}