{"id":357,"date":"2020-05-19T10:50:17","date_gmt":"2020-05-19T08:50:17","guid":{"rendered":"http:\/\/www.zeitwerkstatt.at\/cms\/?page_id=357"},"modified":"2022-11-09T14:08:06","modified_gmt":"2022-11-09T13:08:06","slug":"tissot-pr-100","status":"publish","type":"page","link":"https:\/\/www.zeitwerkstatt.at\/cms\/?page_id=357","title":{"rendered":"Tissot PR 100"},"content":{"rendered":"\n<div class=\"wp-block-media-text alignwide\"><figure class=\"wp-block-media-text__media\"><img loading=\"lazy\" decoding=\"async\" width=\"768\" height=\"1024\" src=\"http:\/\/www.zeitwerkstatt.at\/cms\/wp-content\/uploads\/2020\/05\/IMG_20200420_095832-768x1024.jpg\" alt=\"\" class=\"wp-image-363\" srcset=\"https:\/\/www.zeitwerkstatt.at\/cms\/wp-content\/uploads\/2020\/05\/IMG_20200420_095832-768x1024.jpg 768w, https:\/\/www.zeitwerkstatt.at\/cms\/wp-content\/uploads\/2020\/05\/IMG_20200420_095832-225x300.jpg 225w, https:\/\/www.zeitwerkstatt.at\/cms\/wp-content\/uploads\/2020\/05\/IMG_20200420_095832-1152x1536.jpg 1152w, https:\/\/www.zeitwerkstatt.at\/cms\/wp-content\/uploads\/2020\/05\/IMG_20200420_095832-1536x2048.jpg 1536w, https:\/\/www.zeitwerkstatt.at\/cms\/wp-content\/uploads\/2020\/05\/IMG_20200420_095832-scaled.jpg 1920w\" sizes=\"(max-width: 767px) 89vw, (max-width: 1000px) 54vw, (max-width: 1071px) 543px, 580px\" \/><\/figure><div class=\"wp-block-media-text__content\">\n<p class=\"has-normal-font-size\">Eine Tissot welche rund 7 Jahre alt ist, jedoch hat sie vorher noch nicht ein Service von einem Uhrmacher bekommen, normalerweise sollte dies bei einer Kleinuhr sp\u00e4testens alle 5 Jahre gemacht werden um mechanische Sch\u00e4den zu verhindern. Denn die \u00d6le verharzen und verbinden sich mit dem Abrieb in der Uhr, dies ist dann fast wie eine  Schleifpaste. <\/p>\n<\/div><\/div>\n\n\n\n<div class=\"wp-block-media-text alignwide\"><figure class=\"wp-block-media-text__media\"><img loading=\"lazy\" decoding=\"async\" width=\"768\" height=\"1024\" src=\"http:\/\/www.zeitwerkstatt.at\/cms\/wp-content\/uploads\/2020\/05\/IMG_20200420_095925-768x1024.jpg\" alt=\"\" class=\"wp-image-364\" srcset=\"https:\/\/www.zeitwerkstatt.at\/cms\/wp-content\/uploads\/2020\/05\/IMG_20200420_095925-768x1024.jpg 768w, https:\/\/www.zeitwerkstatt.at\/cms\/wp-content\/uploads\/2020\/05\/IMG_20200420_095925-225x300.jpg 225w, https:\/\/www.zeitwerkstatt.at\/cms\/wp-content\/uploads\/2020\/05\/IMG_20200420_095925-1152x1536.jpg 1152w, https:\/\/www.zeitwerkstatt.at\/cms\/wp-content\/uploads\/2020\/05\/IMG_20200420_095925-1536x2048.jpg 1536w, https:\/\/www.zeitwerkstatt.at\/cms\/wp-content\/uploads\/2020\/05\/IMG_20200420_095925-scaled.jpg 1920w\" sizes=\"(max-width: 767px) 89vw, (max-width: 1000px) 54vw, (max-width: 1071px) 543px, 580px\" \/><\/figure><div class=\"wp-block-media-text__content\">\n<p style=\"font-size:14px\">Die Verschmutzungen am Geh\u00e4use und Band sind gro\u00dfteils Schwei\u00df, Schmutz und Hautpartikel, nicht gerade Hygienisch.  <\/p>\n<\/div><\/div>\n\n\n\n<div class=\"wp-block-media-text alignwide\"><figure class=\"wp-block-media-text__media\"><img loading=\"lazy\" decoding=\"async\" width=\"768\" height=\"1024\" src=\"http:\/\/www.zeitwerkstatt.at\/cms\/wp-content\/uploads\/2020\/05\/IMG_20200420_100034-768x1024.jpg\" alt=\"\" class=\"wp-image-367\" srcset=\"https:\/\/www.zeitwerkstatt.at\/cms\/wp-content\/uploads\/2020\/05\/IMG_20200420_100034-768x1024.jpg 768w, https:\/\/www.zeitwerkstatt.at\/cms\/wp-content\/uploads\/2020\/05\/IMG_20200420_100034-225x300.jpg 225w, https:\/\/www.zeitwerkstatt.at\/cms\/wp-content\/uploads\/2020\/05\/IMG_20200420_100034-1152x1536.jpg 1152w, https:\/\/www.zeitwerkstatt.at\/cms\/wp-content\/uploads\/2020\/05\/IMG_20200420_100034-1536x2048.jpg 1536w, https:\/\/www.zeitwerkstatt.at\/cms\/wp-content\/uploads\/2020\/05\/IMG_20200420_100034-scaled.jpg 1920w\" sizes=\"(max-width: 767px) 89vw, (max-width: 1000px) 54vw, (max-width: 1071px) 543px, 580px\" \/><\/figure><div class=\"wp-block-media-text__content\">\n<p style=\"font-size:14px\">Band und Geh\u00e4use wurden im Ultraschall Bad gereinigt, nat\u00fcrlich ohne Uhrwerk.<\/p>\n<\/div><\/div>\n\n\n\n<div class=\"wp-block-media-text alignwide\"><figure class=\"wp-block-media-text__media\"><img loading=\"lazy\" decoding=\"async\" width=\"768\" height=\"1024\" src=\"http:\/\/www.zeitwerkstatt.at\/cms\/wp-content\/uploads\/2020\/05\/IMG_20200420_100041-768x1024.jpg\" alt=\"\" class=\"wp-image-365\" srcset=\"https:\/\/www.zeitwerkstatt.at\/cms\/wp-content\/uploads\/2020\/05\/IMG_20200420_100041-768x1024.jpg 768w, https:\/\/www.zeitwerkstatt.at\/cms\/wp-content\/uploads\/2020\/05\/IMG_20200420_100041-225x300.jpg 225w, https:\/\/www.zeitwerkstatt.at\/cms\/wp-content\/uploads\/2020\/05\/IMG_20200420_100041-1152x1536.jpg 1152w, https:\/\/www.zeitwerkstatt.at\/cms\/wp-content\/uploads\/2020\/05\/IMG_20200420_100041-1536x2048.jpg 1536w, https:\/\/www.zeitwerkstatt.at\/cms\/wp-content\/uploads\/2020\/05\/IMG_20200420_100041-scaled.jpg 1920w\" sizes=\"(max-width: 767px) 89vw, (max-width: 1000px) 54vw, (max-width: 1071px) 543px, 580px\" \/><\/figure><div class=\"wp-block-media-text__content\">\n<p class=\"has-large-font-size\"><\/p>\n<\/div><\/div>\n\n\n\n<div class=\"wp-block-media-text alignwide\"><figure class=\"wp-block-media-text__media\"><img loading=\"lazy\" decoding=\"async\" width=\"768\" height=\"1024\" src=\"http:\/\/www.zeitwerkstatt.at\/cms\/wp-content\/uploads\/2020\/05\/IMG_20200420_100000_1-768x1024.jpg\" alt=\"\" class=\"wp-image-366\" srcset=\"https:\/\/www.zeitwerkstatt.at\/cms\/wp-content\/uploads\/2020\/05\/IMG_20200420_100000_1-768x1024.jpg 768w, https:\/\/www.zeitwerkstatt.at\/cms\/wp-content\/uploads\/2020\/05\/IMG_20200420_100000_1-225x300.jpg 225w, https:\/\/www.zeitwerkstatt.at\/cms\/wp-content\/uploads\/2020\/05\/IMG_20200420_100000_1-1152x1536.jpg 1152w, https:\/\/www.zeitwerkstatt.at\/cms\/wp-content\/uploads\/2020\/05\/IMG_20200420_100000_1-1536x2048.jpg 1536w, https:\/\/www.zeitwerkstatt.at\/cms\/wp-content\/uploads\/2020\/05\/IMG_20200420_100000_1-scaled.jpg 1920w\" sizes=\"(max-width: 767px) 89vw, (max-width: 1000px) 54vw, (max-width: 1071px) 543px, 580px\" \/><\/figure><div class=\"wp-block-media-text__content\">\n<p style=\"font-size:14px\">Hier kann man das Eta 2824-2 sehen ein sehr ausgereiftes und gutes Automatik Uhrwerk, welches auch sehr Ganggenau ist.<\/p>\n<\/div><\/div>\n\n\n\n<div class=\"wp-block-media-text alignwide\"><figure class=\"wp-block-media-text__media\"><img loading=\"lazy\" decoding=\"async\" width=\"768\" height=\"1024\" src=\"http:\/\/www.zeitwerkstatt.at\/cms\/wp-content\/uploads\/2020\/05\/IMG_20200420_100920_LI-768x1024.jpg\" alt=\"\" class=\"wp-image-380\" srcset=\"https:\/\/www.zeitwerkstatt.at\/cms\/wp-content\/uploads\/2020\/05\/IMG_20200420_100920_LI-768x1024.jpg 768w, https:\/\/www.zeitwerkstatt.at\/cms\/wp-content\/uploads\/2020\/05\/IMG_20200420_100920_LI-225x300.jpg 225w, https:\/\/www.zeitwerkstatt.at\/cms\/wp-content\/uploads\/2020\/05\/IMG_20200420_100920_LI-1152x1536.jpg 1152w, https:\/\/www.zeitwerkstatt.at\/cms\/wp-content\/uploads\/2020\/05\/IMG_20200420_100920_LI-1536x2048.jpg 1536w, https:\/\/www.zeitwerkstatt.at\/cms\/wp-content\/uploads\/2020\/05\/IMG_20200420_100920_LI-scaled.jpg 1920w\" sizes=\"(max-width: 767px) 89vw, (max-width: 1000px) 54vw, (max-width: 1071px) 543px, 580px\" \/><\/figure><div class=\"wp-block-media-text__content\">\n<p style=\"font-size:14px\">Die kleinen schwarzen Punkte welche man hier sehen kann sind alles Abrieb welcher sich im  ganzen Uhrwerk verteilt. <\/p>\n<\/div><\/div>\n\n\n\n<div class=\"wp-block-media-text alignwide\"><figure class=\"wp-block-media-text__media\"><img loading=\"lazy\" decoding=\"async\" width=\"768\" height=\"1024\" src=\"http:\/\/www.zeitwerkstatt.at\/cms\/wp-content\/uploads\/2020\/05\/IMG_20200420_102541-768x1024.jpg\" alt=\"\" class=\"wp-image-375\" srcset=\"https:\/\/www.zeitwerkstatt.at\/cms\/wp-content\/uploads\/2020\/05\/IMG_20200420_102541-768x1024.jpg 768w, https:\/\/www.zeitwerkstatt.at\/cms\/wp-content\/uploads\/2020\/05\/IMG_20200420_102541-225x300.jpg 225w, https:\/\/www.zeitwerkstatt.at\/cms\/wp-content\/uploads\/2020\/05\/IMG_20200420_102541-1152x1536.jpg 1152w, https:\/\/www.zeitwerkstatt.at\/cms\/wp-content\/uploads\/2020\/05\/IMG_20200420_102541-1536x2048.jpg 1536w, https:\/\/www.zeitwerkstatt.at\/cms\/wp-content\/uploads\/2020\/05\/IMG_20200420_102541-scaled.jpg 1920w\" sizes=\"(max-width: 767px) 89vw, (max-width: 1000px) 54vw, (max-width: 1071px) 543px, 580px\" \/><\/figure><div class=\"wp-block-media-text__content\">\n<p style=\"font-size:14px\">Alle teile des Uhrwerks aufgelegt zum \u00fcberpr\u00fcfen nach mechanischen defekten. <\/p>\n<\/div><\/div>\n\n\n\n<div class=\"wp-block-media-text alignwide\"><figure class=\"wp-block-media-text__media\"><img loading=\"lazy\" decoding=\"async\" width=\"768\" height=\"1024\" src=\"http:\/\/www.zeitwerkstatt.at\/cms\/wp-content\/uploads\/2020\/05\/IMG_20200420_102547-768x1024.jpg\" alt=\"\" class=\"wp-image-376\" srcset=\"https:\/\/www.zeitwerkstatt.at\/cms\/wp-content\/uploads\/2020\/05\/IMG_20200420_102547-768x1024.jpg 768w, https:\/\/www.zeitwerkstatt.at\/cms\/wp-content\/uploads\/2020\/05\/IMG_20200420_102547-225x300.jpg 225w, https:\/\/www.zeitwerkstatt.at\/cms\/wp-content\/uploads\/2020\/05\/IMG_20200420_102547-1152x1536.jpg 1152w, https:\/\/www.zeitwerkstatt.at\/cms\/wp-content\/uploads\/2020\/05\/IMG_20200420_102547-1536x2048.jpg 1536w, https:\/\/www.zeitwerkstatt.at\/cms\/wp-content\/uploads\/2020\/05\/IMG_20200420_102547-scaled.jpg 1920w\" sizes=\"(max-width: 767px) 89vw, (max-width: 1000px) 54vw, (max-width: 1071px) 543px, 580px\" \/><\/figure><div class=\"wp-block-media-text__content\">\n<p class=\"has-large-font-size\"><\/p>\n<\/div><\/div>\n\n\n\n<div class=\"wp-block-media-text alignwide\"><figure class=\"wp-block-media-text__media\"><img loading=\"lazy\" decoding=\"async\" width=\"768\" height=\"1024\" src=\"http:\/\/www.zeitwerkstatt.at\/cms\/wp-content\/uploads\/2020\/05\/IMG_20200420_103342-768x1024.jpg\" alt=\"\" class=\"wp-image-370\" srcset=\"https:\/\/www.zeitwerkstatt.at\/cms\/wp-content\/uploads\/2020\/05\/IMG_20200420_103342-768x1024.jpg 768w, https:\/\/www.zeitwerkstatt.at\/cms\/wp-content\/uploads\/2020\/05\/IMG_20200420_103342-225x300.jpg 225w, https:\/\/www.zeitwerkstatt.at\/cms\/wp-content\/uploads\/2020\/05\/IMG_20200420_103342-1152x1536.jpg 1152w, https:\/\/www.zeitwerkstatt.at\/cms\/wp-content\/uploads\/2020\/05\/IMG_20200420_103342-1536x2048.jpg 1536w, https:\/\/www.zeitwerkstatt.at\/cms\/wp-content\/uploads\/2020\/05\/IMG_20200420_103342-scaled.jpg 1920w\" sizes=\"(max-width: 767px) 89vw, (max-width: 1000px) 54vw, (max-width: 1071px) 543px, 580px\" \/><\/figure><div class=\"wp-block-media-text__content\">\n<p style=\"font-size:14px\">So kommt das ganze Uhrwerk in die Reinigungsmaschine, die empfindlichen Teile sind in dem kleinen K\u00f6rbchen.<\/p>\n<\/div><\/div>\n\n\n\n<div class=\"wp-block-media-text alignwide\"><figure class=\"wp-block-media-text__media\"><img loading=\"lazy\" decoding=\"async\" width=\"768\" height=\"1024\" src=\"http:\/\/www.zeitwerkstatt.at\/cms\/wp-content\/uploads\/2020\/05\/IMG_20200420_103427-768x1024.jpg\" alt=\"\" class=\"wp-image-371\" srcset=\"https:\/\/www.zeitwerkstatt.at\/cms\/wp-content\/uploads\/2020\/05\/IMG_20200420_103427-768x1024.jpg 768w, https:\/\/www.zeitwerkstatt.at\/cms\/wp-content\/uploads\/2020\/05\/IMG_20200420_103427-225x300.jpg 225w, https:\/\/www.zeitwerkstatt.at\/cms\/wp-content\/uploads\/2020\/05\/IMG_20200420_103427-1152x1536.jpg 1152w, https:\/\/www.zeitwerkstatt.at\/cms\/wp-content\/uploads\/2020\/05\/IMG_20200420_103427-1536x2048.jpg 1536w, https:\/\/www.zeitwerkstatt.at\/cms\/wp-content\/uploads\/2020\/05\/IMG_20200420_103427-scaled.jpg 1920w\" sizes=\"(max-width: 767px) 89vw, (max-width: 1000px) 54vw, (max-width: 1071px) 543px, 580px\" \/><\/figure><div class=\"wp-block-media-text__content\">\n<p style=\"font-size:14px\">Das ist meine alte aber gute Reinigungsmaschine.<\/p>\n<\/div><\/div>\n\n\n\n<div class=\"wp-block-media-text alignwide\"><figure class=\"wp-block-media-text__media\"><img loading=\"lazy\" decoding=\"async\" width=\"768\" height=\"1024\" src=\"http:\/\/www.zeitwerkstatt.at\/cms\/wp-content\/uploads\/2020\/05\/IMG_20200421_095724-768x1024.jpg\" alt=\"\" class=\"wp-image-372\" srcset=\"https:\/\/www.zeitwerkstatt.at\/cms\/wp-content\/uploads\/2020\/05\/IMG_20200421_095724-768x1024.jpg 768w, https:\/\/www.zeitwerkstatt.at\/cms\/wp-content\/uploads\/2020\/05\/IMG_20200421_095724-225x300.jpg 225w, https:\/\/www.zeitwerkstatt.at\/cms\/wp-content\/uploads\/2020\/05\/IMG_20200421_095724-1152x1536.jpg 1152w, https:\/\/www.zeitwerkstatt.at\/cms\/wp-content\/uploads\/2020\/05\/IMG_20200421_095724-1536x2048.jpg 1536w, https:\/\/www.zeitwerkstatt.at\/cms\/wp-content\/uploads\/2020\/05\/IMG_20200421_095724-scaled.jpg 1920w\" sizes=\"(max-width: 767px) 89vw, (max-width: 1000px) 54vw, (max-width: 1071px) 543px, 580px\" \/><\/figure><div class=\"wp-block-media-text__content\">\n<p style=\"font-size:14px\">Nach der Reinigung wird das Werk wieder St\u00fcck f\u00fcr St\u00fcck zusammengesetzt, ge\u00f6lt und gefettet an den richtigen Stellen.<\/p>\n<\/div><\/div>\n\n\n\n<div class=\"wp-block-media-text alignwide\"><figure class=\"wp-block-media-text__media\"><img loading=\"lazy\" decoding=\"async\" width=\"768\" height=\"1024\" src=\"http:\/\/www.zeitwerkstatt.at\/cms\/wp-content\/uploads\/2020\/05\/IMG_20200513_143742-768x1024.jpg\" alt=\"\" class=\"wp-image-377\" srcset=\"https:\/\/www.zeitwerkstatt.at\/cms\/wp-content\/uploads\/2020\/05\/IMG_20200513_143742-768x1024.jpg 768w, https:\/\/www.zeitwerkstatt.at\/cms\/wp-content\/uploads\/2020\/05\/IMG_20200513_143742-225x300.jpg 225w, https:\/\/www.zeitwerkstatt.at\/cms\/wp-content\/uploads\/2020\/05\/IMG_20200513_143742-1152x1536.jpg 1152w, https:\/\/www.zeitwerkstatt.at\/cms\/wp-content\/uploads\/2020\/05\/IMG_20200513_143742-1536x2048.jpg 1536w, https:\/\/www.zeitwerkstatt.at\/cms\/wp-content\/uploads\/2020\/05\/IMG_20200513_143742-scaled.jpg 1920w\" sizes=\"(max-width: 767px) 89vw, (max-width: 1000px) 54vw, (max-width: 1071px) 543px, 580px\" \/><\/figure><div class=\"wp-block-media-text__content\">\n<p style=\"font-size:14px\">Beim Zeiger abheben hat sich leider das Futter des Sekundenzeigers gel\u00f6st. Neu vernieten funktionierte leider nicht also musste ein neuer Zieger her.<\/p>\n<\/div><\/div>\n\n\n\n<div class=\"wp-block-media-text alignwide\"><figure class=\"wp-block-media-text__media\"><img loading=\"lazy\" decoding=\"async\" width=\"768\" height=\"1024\" src=\"http:\/\/www.zeitwerkstatt.at\/cms\/wp-content\/uploads\/2020\/05\/IMG_20200420_103444-768x1024.jpg\" alt=\"\" class=\"wp-image-373\" srcset=\"https:\/\/www.zeitwerkstatt.at\/cms\/wp-content\/uploads\/2020\/05\/IMG_20200420_103444-768x1024.jpg 768w, https:\/\/www.zeitwerkstatt.at\/cms\/wp-content\/uploads\/2020\/05\/IMG_20200420_103444-225x300.jpg 225w, https:\/\/www.zeitwerkstatt.at\/cms\/wp-content\/uploads\/2020\/05\/IMG_20200420_103444-1152x1536.jpg 1152w, https:\/\/www.zeitwerkstatt.at\/cms\/wp-content\/uploads\/2020\/05\/IMG_20200420_103444-1536x2048.jpg 1536w, https:\/\/www.zeitwerkstatt.at\/cms\/wp-content\/uploads\/2020\/05\/IMG_20200420_103444-scaled.jpg 1920w\" sizes=\"(max-width: 767px) 89vw, (max-width: 1000px) 54vw, (max-width: 1071px) 543px, 580px\" \/><\/figure><div class=\"wp-block-media-text__content\">\n<p style=\"font-size:14px\">Der Probelauf auf dem Uhrenbeweger ist der letzte Schritt vor \u00dcbergabe der Uhr an den Kunden.<\/p>\n<\/div><\/div>\n\n\n\n<div class=\"wp-block-media-text alignwide\"><figure class=\"wp-block-media-text__media\"><img loading=\"lazy\" decoding=\"async\" width=\"768\" height=\"1024\" src=\"http:\/\/www.zeitwerkstatt.at\/cms\/wp-content\/uploads\/2020\/05\/IMG_20200519_105302-768x1024.jpg\" alt=\"\" class=\"wp-image-374\" srcset=\"https:\/\/www.zeitwerkstatt.at\/cms\/wp-content\/uploads\/2020\/05\/IMG_20200519_105302-768x1024.jpg 768w, https:\/\/www.zeitwerkstatt.at\/cms\/wp-content\/uploads\/2020\/05\/IMG_20200519_105302-225x300.jpg 225w, https:\/\/www.zeitwerkstatt.at\/cms\/wp-content\/uploads\/2020\/05\/IMG_20200519_105302-1152x1536.jpg 1152w, https:\/\/www.zeitwerkstatt.at\/cms\/wp-content\/uploads\/2020\/05\/IMG_20200519_105302-1536x2048.jpg 1536w, https:\/\/www.zeitwerkstatt.at\/cms\/wp-content\/uploads\/2020\/05\/IMG_20200519_105302-scaled.jpg 1920w\" sizes=\"(max-width: 767px) 89vw, (max-width: 1000px) 54vw, (max-width: 1071px) 543px, 580px\" \/><\/figure><div class=\"wp-block-media-text__content\">\n<p style=\"font-size:14px\">Das ist die fertige Uhr, das Geh\u00e4use und Band wurden leicht aufgearbeitet, leider ist dies das einzige an meiner Arbeit was der Kunde eindeutig erkennen kann. <br>Die viel kompliziertere Arbeit im inneren bleibt leider nahezu verborgen. <\/p>\n<\/div><\/div>\n\n\n\n<p><\/p>\n","protected":false},"excerpt":{"rendered":"<p>Eine Tissot welche rund 7 Jahre alt ist, jedoch hat sie vorher noch nicht ein Service von einem Uhrmacher bekommen, normalerweise sollte dies bei einer Kleinuhr sp\u00e4testens alle 5 Jahre gemacht werden um mechanische Sch\u00e4den zu verhindern. Denn die \u00d6le verharzen und verbinden sich mit dem Abrieb in der Uhr, dies ist dann fast wie &hellip; <\/p>\n<p class=\"link-more\"><a href=\"https:\/\/www.zeitwerkstatt.at\/cms\/?page_id=357\" class=\"more-link\"><span class=\"screen-reader-text\">\u201eTissot PR 100\u201c<\/span> weiterlesen<\/a><\/p>\n","protected":false},"author":1,"featured_media":0,"parent":94,"menu_order":0,"comment_status":"closed","ping_status":"closed","template":"","meta":{"footnotes":""},"_links":{"self":[{"href":"https:\/\/www.zeitwerkstatt.at\/cms\/index.php?rest_route=\/wp\/v2\/pages\/357"}],"collection":[{"href":"https:\/\/www.zeitwerkstatt.at\/cms\/index.php?rest_route=\/wp\/v2\/pages"}],"about":[{"href":"https:\/\/www.zeitwerkstatt.at\/cms\/index.php?rest_route=\/wp\/v2\/types\/page"}],"author":[{"embeddable":true,"href":"https:\/\/www.zeitwerkstatt.at\/cms\/index.php?rest_route=\/wp\/v2\/users\/1"}],"replies":[{"embeddable":true,"href":"https:\/\/www.zeitwerkstatt.at\/cms\/index.php?rest_route=%2Fwp%2Fv2%2Fcomments&post=357"}],"version-history":[{"count":4,"href":"https:\/\/www.zeitwerkstatt.at\/cms\/index.php?rest_route=\/wp\/v2\/pages\/357\/revisions"}],"predecessor-version":[{"id":592,"href":"https:\/\/www.zeitwerkstatt.at\/cms\/index.php?rest_route=\/wp\/v2\/pages\/357\/revisions\/592"}],"up":[{"embeddable":true,"href":"https:\/\/www.zeitwerkstatt.at\/cms\/index.php?rest_route=\/wp\/v2\/pages\/94"}],"wp:attachment":[{"href":"https:\/\/www.zeitwerkstatt.at\/cms\/index.php?rest_route=%2Fwp%2Fv2%2Fmedia&parent=357"}],"curies":[{"name":"wp","href":"https:\/\/api.w.org\/{rel}","templated":true}]}}