{"id":305,"date":"2020-04-18T15:32:18","date_gmt":"2020-04-18T13:32:18","guid":{"rendered":"http:\/\/www.zeitwerkstatt.at\/cms\/?page_id=305"},"modified":"2020-04-27T10:14:06","modified_gmt":"2020-04-27T08:14:06","slug":"longines-automatik-mit-ringrotor","status":"publish","type":"page","link":"https:\/\/www.zeitwerkstatt.at\/cms\/?page_id=305","title":{"rendered":"Longines Automatik mit Ringrotor"},"content":{"rendered":"\n<div class=\"wp-block-media-text alignwide\"><figure class=\"wp-block-media-text__media\"><img loading=\"lazy\" decoding=\"async\" width=\"768\" height=\"1024\" src=\"http:\/\/www.zeitwerkstatt.at\/cms\/wp-content\/uploads\/2020\/04\/IMG_20200327_135426-1-768x1024.jpg\" alt=\"\" class=\"wp-image-311\" srcset=\"https:\/\/www.zeitwerkstatt.at\/cms\/wp-content\/uploads\/2020\/04\/IMG_20200327_135426-1-768x1024.jpg 768w, https:\/\/www.zeitwerkstatt.at\/cms\/wp-content\/uploads\/2020\/04\/IMG_20200327_135426-1-225x300.jpg 225w, https:\/\/www.zeitwerkstatt.at\/cms\/wp-content\/uploads\/2020\/04\/IMG_20200327_135426-1-1152x1536.jpg 1152w, https:\/\/www.zeitwerkstatt.at\/cms\/wp-content\/uploads\/2020\/04\/IMG_20200327_135426-1-1536x2048.jpg 1536w, https:\/\/www.zeitwerkstatt.at\/cms\/wp-content\/uploads\/2020\/04\/IMG_20200327_135426-1-scaled.jpg 1920w\" sizes=\"(max-width: 767px) 89vw, (max-width: 1000px) 54vw, (max-width: 1071px) 543px, 580px\" \/><\/figure><div class=\"wp-block-media-text__content\">\n<p class=\"has-normal-font-size\">In dieser <strong>schlichten Longines aus den 60er Jahren<\/strong> schlummert ein wundersch\u00f6nes und technisch hochinteressantes Automatik-Werk. <\/p>\n<\/div><\/div>\n\n\n\n<div class=\"wp-block-media-text alignwide\"><figure class=\"wp-block-media-text__media\"><img loading=\"lazy\" decoding=\"async\" width=\"768\" height=\"1024\" src=\"http:\/\/www.zeitwerkstatt.at\/cms\/wp-content\/uploads\/2020\/04\/IMG_20200327_135443-768x1024.jpg\" alt=\"\" class=\"wp-image-308\" srcset=\"https:\/\/www.zeitwerkstatt.at\/cms\/wp-content\/uploads\/2020\/04\/IMG_20200327_135443-768x1024.jpg 768w, https:\/\/www.zeitwerkstatt.at\/cms\/wp-content\/uploads\/2020\/04\/IMG_20200327_135443-225x300.jpg 225w, https:\/\/www.zeitwerkstatt.at\/cms\/wp-content\/uploads\/2020\/04\/IMG_20200327_135443-1152x1536.jpg 1152w, https:\/\/www.zeitwerkstatt.at\/cms\/wp-content\/uploads\/2020\/04\/IMG_20200327_135443-1536x2048.jpg 1536w, https:\/\/www.zeitwerkstatt.at\/cms\/wp-content\/uploads\/2020\/04\/IMG_20200327_135443-scaled.jpg 1920w\" sizes=\"(max-width: 767px) 89vw, (max-width: 1000px) 54vw, (max-width: 1071px) 543px, 580px\" \/><\/figure><div class=\"wp-block-media-text__content\">\n<p style=\"font-size:14px\">Hier kann man das aufwendige und sehr sch\u00f6ne Werk sehen.<\/p>\n<\/div><\/div>\n\n\n\n<div class=\"wp-block-media-text alignwide\"><figure class=\"wp-block-media-text__media\"><img loading=\"lazy\" decoding=\"async\" width=\"768\" height=\"1024\" src=\"http:\/\/www.zeitwerkstatt.at\/cms\/wp-content\/uploads\/2020\/04\/IMG_20200327_135733-768x1024.jpg\" alt=\"\" class=\"wp-image-309\" srcset=\"https:\/\/www.zeitwerkstatt.at\/cms\/wp-content\/uploads\/2020\/04\/IMG_20200327_135733-768x1024.jpg 768w, https:\/\/www.zeitwerkstatt.at\/cms\/wp-content\/uploads\/2020\/04\/IMG_20200327_135733-225x300.jpg 225w, https:\/\/www.zeitwerkstatt.at\/cms\/wp-content\/uploads\/2020\/04\/IMG_20200327_135733-1152x1536.jpg 1152w, https:\/\/www.zeitwerkstatt.at\/cms\/wp-content\/uploads\/2020\/04\/IMG_20200327_135733-1536x2048.jpg 1536w, https:\/\/www.zeitwerkstatt.at\/cms\/wp-content\/uploads\/2020\/04\/IMG_20200327_135733-scaled.jpg 1920w\" sizes=\"(max-width: 767px) 89vw, (max-width: 1000px) 54vw, (max-width: 1071px) 543px, 580px\" \/><\/figure><div class=\"wp-block-media-text__content\">\n<p style=\"font-size:14px\">Von dem im Hintergrund liegenden &#8222;Ringrotor&#8220; hat das Werk seinen Namen. <\/p>\n\n\n\n<p style=\"font-size:14px\">Der innenverzahnte Ringrotor ist f\u00fcr den automatischen Aufzug der Uhr zust\u00e4ndig.<\/p>\n<\/div><\/div>\n\n\n\n<div class=\"wp-block-media-text alignwide\"><figure class=\"wp-block-media-text__media\"><img loading=\"lazy\" decoding=\"async\" width=\"768\" height=\"1024\" src=\"http:\/\/www.zeitwerkstatt.at\/cms\/wp-content\/uploads\/2020\/04\/IMG_20200327_140707-768x1024.jpg\" alt=\"\" class=\"wp-image-310\" srcset=\"https:\/\/www.zeitwerkstatt.at\/cms\/wp-content\/uploads\/2020\/04\/IMG_20200327_140707-768x1024.jpg 768w, https:\/\/www.zeitwerkstatt.at\/cms\/wp-content\/uploads\/2020\/04\/IMG_20200327_140707-225x300.jpg 225w, https:\/\/www.zeitwerkstatt.at\/cms\/wp-content\/uploads\/2020\/04\/IMG_20200327_140707-1152x1536.jpg 1152w, https:\/\/www.zeitwerkstatt.at\/cms\/wp-content\/uploads\/2020\/04\/IMG_20200327_140707-1536x2048.jpg 1536w, https:\/\/www.zeitwerkstatt.at\/cms\/wp-content\/uploads\/2020\/04\/IMG_20200327_140707-scaled.jpg 1920w\" sizes=\"(max-width: 767px) 89vw, (max-width: 1000px) 54vw, (max-width: 1071px) 543px, 580px\" \/><\/figure><div class=\"wp-block-media-text__content\">\n<p style=\"font-size:14px\">Das teilzerlegte Uhrwerk mit vergoldeten R\u00e4dern.<\/p>\n<\/div><\/div>\n\n\n\n<p><\/p>\n","protected":false},"excerpt":{"rendered":"<p>In dieser schlichten Longines aus den 60er Jahren schlummert ein wundersch\u00f6nes und technisch hochinteressantes Automatik-Werk. Hier kann man das aufwendige und sehr sch\u00f6ne Werk sehen. Von dem im Hintergrund liegenden &#8222;Ringrotor&#8220; hat das Werk seinen Namen. Der innenverzahnte Ringrotor ist f\u00fcr den automatischen Aufzug der Uhr zust\u00e4ndig. Das teilzerlegte Uhrwerk mit vergoldeten R\u00e4dern.<\/p>\n","protected":false},"author":1,"featured_media":0,"parent":94,"menu_order":0,"comment_status":"closed","ping_status":"closed","template":"","meta":{"footnotes":""},"_links":{"self":[{"href":"https:\/\/www.zeitwerkstatt.at\/cms\/index.php?rest_route=\/wp\/v2\/pages\/305"}],"collection":[{"href":"https:\/\/www.zeitwerkstatt.at\/cms\/index.php?rest_route=\/wp\/v2\/pages"}],"about":[{"href":"https:\/\/www.zeitwerkstatt.at\/cms\/index.php?rest_route=\/wp\/v2\/types\/page"}],"author":[{"embeddable":true,"href":"https:\/\/www.zeitwerkstatt.at\/cms\/index.php?rest_route=\/wp\/v2\/users\/1"}],"replies":[{"embeddable":true,"href":"https:\/\/www.zeitwerkstatt.at\/cms\/index.php?rest_route=%2Fwp%2Fv2%2Fcomments&post=305"}],"version-history":[{"count":5,"href":"https:\/\/www.zeitwerkstatt.at\/cms\/index.php?rest_route=\/wp\/v2\/pages\/305\/revisions"}],"predecessor-version":[{"id":331,"href":"https:\/\/www.zeitwerkstatt.at\/cms\/index.php?rest_route=\/wp\/v2\/pages\/305\/revisions\/331"}],"up":[{"embeddable":true,"href":"https:\/\/www.zeitwerkstatt.at\/cms\/index.php?rest_route=\/wp\/v2\/pages\/94"}],"wp:attachment":[{"href":"https:\/\/www.zeitwerkstatt.at\/cms\/index.php?rest_route=%2Fwp%2Fv2%2Fmedia&parent=305"}],"curies":[{"name":"wp","href":"https:\/\/api.w.org\/{rel}","templated":true}]}}