{"id":161,"date":"2020-03-22T13:01:42","date_gmt":"2020-03-22T12:01:42","guid":{"rendered":"http:\/\/www.zeitwerkstatt.at\/cms\/?page_id=161"},"modified":"2022-11-24T14:48:30","modified_gmt":"2022-11-24T13:48:30","slug":"die-werkstatt","status":"publish","type":"page","link":"https:\/\/www.zeitwerkstatt.at\/cms\/?page_id=161","title":{"rendered":"Die Werkstatt"},"content":{"rendered":"\n<h5 class=\"wp-block-heading\"><em><strong>Hier die Werkstatt f\u00fcr die Fein-Arbeiten samt Gesch\u00e4ftsbereich<\/strong><\/em><\/h5>\n\n\n\n<figure class=\"wp-block-image size-large\"><img loading=\"lazy\" decoding=\"async\" width=\"1024\" height=\"768\" src=\"http:\/\/www.zeitwerkstatt.at\/cms\/wp-content\/uploads\/2022\/11\/IMG_20221109_100718-1024x768.jpg\" alt=\"\" class=\"wp-image-634\" srcset=\"https:\/\/www.zeitwerkstatt.at\/cms\/wp-content\/uploads\/2022\/11\/IMG_20221109_100718-1024x768.jpg 1024w, https:\/\/www.zeitwerkstatt.at\/cms\/wp-content\/uploads\/2022\/11\/IMG_20221109_100718-300x225.jpg 300w, https:\/\/www.zeitwerkstatt.at\/cms\/wp-content\/uploads\/2022\/11\/IMG_20221109_100718-768x576.jpg 768w, https:\/\/www.zeitwerkstatt.at\/cms\/wp-content\/uploads\/2022\/11\/IMG_20221109_100718-1536x1152.jpg 1536w, https:\/\/www.zeitwerkstatt.at\/cms\/wp-content\/uploads\/2022\/11\/IMG_20221109_100718-2048x1536.jpg 2048w\" sizes=\"(max-width: 767px) 89vw, (max-width: 1000px) 54vw, (max-width: 1071px) 543px, 580px\" \/><\/figure>\n\n\n\n<figure class=\"wp-block-image size-large\"><img loading=\"lazy\" decoding=\"async\" width=\"1024\" height=\"768\" src=\"http:\/\/www.zeitwerkstatt.at\/cms\/wp-content\/uploads\/2022\/11\/IMG_20221109_100716-1-1024x768.jpg\" alt=\"\" class=\"wp-image-644\" srcset=\"https:\/\/www.zeitwerkstatt.at\/cms\/wp-content\/uploads\/2022\/11\/IMG_20221109_100716-1-1024x768.jpg 1024w, https:\/\/www.zeitwerkstatt.at\/cms\/wp-content\/uploads\/2022\/11\/IMG_20221109_100716-1-300x225.jpg 300w, https:\/\/www.zeitwerkstatt.at\/cms\/wp-content\/uploads\/2022\/11\/IMG_20221109_100716-1-768x576.jpg 768w, https:\/\/www.zeitwerkstatt.at\/cms\/wp-content\/uploads\/2022\/11\/IMG_20221109_100716-1-1536x1152.jpg 1536w, https:\/\/www.zeitwerkstatt.at\/cms\/wp-content\/uploads\/2022\/11\/IMG_20221109_100716-1-2048x1536.jpg 2048w\" sizes=\"(max-width: 767px) 89vw, (max-width: 1000px) 54vw, (max-width: 1071px) 543px, 580px\" \/><\/figure>\n\n\n\n<figure class=\"wp-block-image size-full\"><img loading=\"lazy\" decoding=\"async\" width=\"512\" height=\"512\" src=\"http:\/\/www.zeitwerkstatt.at\/cms\/wp-content\/uploads\/2022\/11\/cropped-IMG_20221109_100726-scaled-1.jpg\" alt=\"\" class=\"wp-image-638\" srcset=\"https:\/\/www.zeitwerkstatt.at\/cms\/wp-content\/uploads\/2022\/11\/cropped-IMG_20221109_100726-scaled-1.jpg 512w, https:\/\/www.zeitwerkstatt.at\/cms\/wp-content\/uploads\/2022\/11\/cropped-IMG_20221109_100726-scaled-1-300x300.jpg 300w, https:\/\/www.zeitwerkstatt.at\/cms\/wp-content\/uploads\/2022\/11\/cropped-IMG_20221109_100726-scaled-1-150x150.jpg 150w, https:\/\/www.zeitwerkstatt.at\/cms\/wp-content\/uploads\/2022\/11\/cropped-IMG_20221109_100726-scaled-1-100x100.jpg 100w, https:\/\/www.zeitwerkstatt.at\/cms\/wp-content\/uploads\/2022\/11\/cropped-IMG_20221109_100726-scaled-1-270x270.jpg 270w, https:\/\/www.zeitwerkstatt.at\/cms\/wp-content\/uploads\/2022\/11\/cropped-IMG_20221109_100726-scaled-1-192x192.jpg 192w, https:\/\/www.zeitwerkstatt.at\/cms\/wp-content\/uploads\/2022\/11\/cropped-IMG_20221109_100726-scaled-1-180x180.jpg 180w, https:\/\/www.zeitwerkstatt.at\/cms\/wp-content\/uploads\/2022\/11\/cropped-IMG_20221109_100726-scaled-1-32x32.jpg 32w\" sizes=\"(max-width: 512px) 100vw, 512px\" \/><\/figure>\n\n\n\n<figure class=\"wp-block-image size-large\"><img loading=\"lazy\" decoding=\"async\" width=\"1024\" height=\"768\" src=\"http:\/\/www.zeitwerkstatt.at\/cms\/wp-content\/uploads\/2022\/11\/IMG_20221109_100711-1024x768.jpg\" alt=\"\" class=\"wp-image-632\" srcset=\"https:\/\/www.zeitwerkstatt.at\/cms\/wp-content\/uploads\/2022\/11\/IMG_20221109_100711-1024x768.jpg 1024w, https:\/\/www.zeitwerkstatt.at\/cms\/wp-content\/uploads\/2022\/11\/IMG_20221109_100711-300x225.jpg 300w, https:\/\/www.zeitwerkstatt.at\/cms\/wp-content\/uploads\/2022\/11\/IMG_20221109_100711-768x576.jpg 768w, https:\/\/www.zeitwerkstatt.at\/cms\/wp-content\/uploads\/2022\/11\/IMG_20221109_100711-1536x1152.jpg 1536w, https:\/\/www.zeitwerkstatt.at\/cms\/wp-content\/uploads\/2022\/11\/IMG_20221109_100711-2048x1536.jpg 2048w\" sizes=\"(max-width: 767px) 89vw, (max-width: 1000px) 54vw, (max-width: 1071px) 543px, 580px\" \/><\/figure>\n\n\n\n<figure class=\"wp-block-image size-large\"><img loading=\"lazy\" decoding=\"async\" width=\"1024\" height=\"768\" src=\"http:\/\/www.zeitwerkstatt.at\/cms\/wp-content\/uploads\/2020\/03\/IMG_20200324_093627-1024x768.jpg\" alt=\"\" class=\"wp-image-247\" srcset=\"https:\/\/www.zeitwerkstatt.at\/cms\/wp-content\/uploads\/2020\/03\/IMG_20200324_093627-1024x768.jpg 1024w, https:\/\/www.zeitwerkstatt.at\/cms\/wp-content\/uploads\/2020\/03\/IMG_20200324_093627-300x225.jpg 300w, https:\/\/www.zeitwerkstatt.at\/cms\/wp-content\/uploads\/2020\/03\/IMG_20200324_093627-768x576.jpg 768w, https:\/\/www.zeitwerkstatt.at\/cms\/wp-content\/uploads\/2020\/03\/IMG_20200324_093627-1536x1152.jpg 1536w, https:\/\/www.zeitwerkstatt.at\/cms\/wp-content\/uploads\/2020\/03\/IMG_20200324_093627-2048x1536.jpg 2048w\" sizes=\"(max-width: 767px) 89vw, (max-width: 1000px) 54vw, (max-width: 1071px) 543px, 580px\" \/><\/figure>\n\n\n\n<h5 class=\"wp-block-heading\"><em>Und hier die Werkstatt f\u00fcrs Grobe&#8230; <\/em><\/h5>\n\n\n\n<figure class=\"wp-block-image size-large\"><img loading=\"lazy\" decoding=\"async\" width=\"1024\" height=\"768\" src=\"http:\/\/www.zeitwerkstatt.at\/cms\/wp-content\/uploads\/2020\/03\/IMG_20200322_113604-1024x768.jpg\" alt=\"\" class=\"wp-image-186\" srcset=\"https:\/\/www.zeitwerkstatt.at\/cms\/wp-content\/uploads\/2020\/03\/IMG_20200322_113604-1024x768.jpg 1024w, https:\/\/www.zeitwerkstatt.at\/cms\/wp-content\/uploads\/2020\/03\/IMG_20200322_113604-300x225.jpg 300w, https:\/\/www.zeitwerkstatt.at\/cms\/wp-content\/uploads\/2020\/03\/IMG_20200322_113604-768x576.jpg 768w, https:\/\/www.zeitwerkstatt.at\/cms\/wp-content\/uploads\/2020\/03\/IMG_20200322_113604-1536x1152.jpg 1536w, https:\/\/www.zeitwerkstatt.at\/cms\/wp-content\/uploads\/2020\/03\/IMG_20200322_113604-2048x1536.jpg 2048w\" sizes=\"(max-width: 767px) 89vw, (max-width: 1000px) 54vw, (max-width: 1071px) 543px, 580px\" \/><\/figure>\n\n\n\n<figure class=\"wp-block-image size-large\"><img loading=\"lazy\" decoding=\"async\" width=\"1024\" height=\"768\" src=\"http:\/\/www.zeitwerkstatt.at\/cms\/wp-content\/uploads\/2020\/03\/IMG_20200322_113618-1024x768.jpg\" alt=\"\" class=\"wp-image-172\" srcset=\"https:\/\/www.zeitwerkstatt.at\/cms\/wp-content\/uploads\/2020\/03\/IMG_20200322_113618-1024x768.jpg 1024w, https:\/\/www.zeitwerkstatt.at\/cms\/wp-content\/uploads\/2020\/03\/IMG_20200322_113618-300x225.jpg 300w, https:\/\/www.zeitwerkstatt.at\/cms\/wp-content\/uploads\/2020\/03\/IMG_20200322_113618-768x576.jpg 768w, https:\/\/www.zeitwerkstatt.at\/cms\/wp-content\/uploads\/2020\/03\/IMG_20200322_113618-1536x1152.jpg 1536w, https:\/\/www.zeitwerkstatt.at\/cms\/wp-content\/uploads\/2020\/03\/IMG_20200322_113618-2048x1536.jpg 2048w\" sizes=\"(max-width: 767px) 89vw, (max-width: 1000px) 54vw, (max-width: 1071px) 543px, 580px\" \/><\/figure>\n\n\n\n<figure class=\"wp-block-image size-large\"><img loading=\"lazy\" decoding=\"async\" width=\"768\" height=\"1024\" src=\"http:\/\/www.zeitwerkstatt.at\/cms\/wp-content\/uploads\/2020\/03\/IMG_20200322_113926-768x1024.jpg\" alt=\"\" class=\"wp-image-173\" srcset=\"https:\/\/www.zeitwerkstatt.at\/cms\/wp-content\/uploads\/2020\/03\/IMG_20200322_113926-768x1024.jpg 768w, https:\/\/www.zeitwerkstatt.at\/cms\/wp-content\/uploads\/2020\/03\/IMG_20200322_113926-225x300.jpg 225w, https:\/\/www.zeitwerkstatt.at\/cms\/wp-content\/uploads\/2020\/03\/IMG_20200322_113926-1152x1536.jpg 1152w, https:\/\/www.zeitwerkstatt.at\/cms\/wp-content\/uploads\/2020\/03\/IMG_20200322_113926-1536x2048.jpg 1536w, https:\/\/www.zeitwerkstatt.at\/cms\/wp-content\/uploads\/2020\/03\/IMG_20200322_113926-scaled.jpg 1920w\" sizes=\"(max-width: 767px) 89vw, (max-width: 1000px) 54vw, (max-width: 1071px) 543px, 580px\" \/><\/figure>\n\n\n\n<figure class=\"wp-block-image size-large\"><img loading=\"lazy\" decoding=\"async\" width=\"1024\" height=\"488\" src=\"http:\/\/www.zeitwerkstatt.at\/cms\/wp-content\/uploads\/2020\/03\/FB_IMG_1584879003942-e1584879077161-1024x488.jpg\" alt=\"\" class=\"wp-image-175\" srcset=\"https:\/\/www.zeitwerkstatt.at\/cms\/wp-content\/uploads\/2020\/03\/FB_IMG_1584879003942-e1584879077161-1024x488.jpg 1024w, https:\/\/www.zeitwerkstatt.at\/cms\/wp-content\/uploads\/2020\/03\/FB_IMG_1584879003942-e1584879077161-300x143.jpg 300w, https:\/\/www.zeitwerkstatt.at\/cms\/wp-content\/uploads\/2020\/03\/FB_IMG_1584879003942-e1584879077161-768x366.jpg 768w, https:\/\/www.zeitwerkstatt.at\/cms\/wp-content\/uploads\/2020\/03\/FB_IMG_1584879003942-e1584879077161.jpg 1342w\" sizes=\"(max-width: 767px) 89vw, (max-width: 1000px) 54vw, (max-width: 1071px) 543px, 580px\" \/><\/figure>\n","protected":false},"excerpt":{"rendered":"<p>Hier die Werkstatt f\u00fcr die Fein-Arbeiten samt Gesch\u00e4ftsbereich Und hier die Werkstatt f\u00fcrs Grobe&#8230;<\/p>\n","protected":false},"author":1,"featured_media":0,"parent":0,"menu_order":0,"comment_status":"closed","ping_status":"closed","template":"","meta":{"footnotes":""},"_links":{"self":[{"href":"https:\/\/www.zeitwerkstatt.at\/cms\/index.php?rest_route=\/wp\/v2\/pages\/161"}],"collection":[{"href":"https:\/\/www.zeitwerkstatt.at\/cms\/index.php?rest_route=\/wp\/v2\/pages"}],"about":[{"href":"https:\/\/www.zeitwerkstatt.at\/cms\/index.php?rest_route=\/wp\/v2\/types\/page"}],"author":[{"embeddable":true,"href":"https:\/\/www.zeitwerkstatt.at\/cms\/index.php?rest_route=\/wp\/v2\/users\/1"}],"replies":[{"embeddable":true,"href":"https:\/\/www.zeitwerkstatt.at\/cms\/index.php?rest_route=%2Fwp%2Fv2%2Fcomments&post=161"}],"version-history":[{"count":7,"href":"https:\/\/www.zeitwerkstatt.at\/cms\/index.php?rest_route=\/wp\/v2\/pages\/161\/revisions"}],"predecessor-version":[{"id":647,"href":"https:\/\/www.zeitwerkstatt.at\/cms\/index.php?rest_route=\/wp\/v2\/pages\/161\/revisions\/647"}],"wp:attachment":[{"href":"https:\/\/www.zeitwerkstatt.at\/cms\/index.php?rest_route=%2Fwp%2Fv2%2Fmedia&parent=161"}],"curies":[{"name":"wp","href":"https:\/\/api.w.org\/{rel}","templated":true}]}}