{"id":106,"date":"2020-03-01T17:30:21","date_gmt":"2020-03-01T16:30:21","guid":{"rendered":"http:\/\/www.zeitwerkstatt.at\/cms\/?page_id=106"},"modified":"2020-03-23T20:44:19","modified_gmt":"2020-03-23T19:44:19","slug":"singvogeldose","status":"publish","type":"page","link":"https:\/\/www.zeitwerkstatt.at\/cms\/?page_id=106","title":{"rendered":"Singvogeldose"},"content":{"rendered":"\n<figure class=\"wp-block-image size-large\"><img loading=\"lazy\" decoding=\"async\" width=\"768\" height=\"1024\" src=\"http:\/\/www.zeitwerkstatt.at\/cms\/wp-content\/uploads\/2020\/03\/IMG_20191223_121618-768x1024.jpg\" alt=\"\" class=\"wp-image-102\" srcset=\"https:\/\/www.zeitwerkstatt.at\/cms\/wp-content\/uploads\/2020\/03\/IMG_20191223_121618-768x1024.jpg 768w, https:\/\/www.zeitwerkstatt.at\/cms\/wp-content\/uploads\/2020\/03\/IMG_20191223_121618-225x300.jpg 225w, https:\/\/www.zeitwerkstatt.at\/cms\/wp-content\/uploads\/2020\/03\/IMG_20191223_121618-1152x1536.jpg 1152w, https:\/\/www.zeitwerkstatt.at\/cms\/wp-content\/uploads\/2020\/03\/IMG_20191223_121618-1536x2048.jpg 1536w, https:\/\/www.zeitwerkstatt.at\/cms\/wp-content\/uploads\/2020\/03\/IMG_20191223_121618-scaled.jpg 1920w\" sizes=\"(max-width: 767px) 89vw, (max-width: 1000px) 54vw, (max-width: 1071px) 543px, 580px\" \/><\/figure>\n\n\n\n<div class=\"wp-block-media-text alignwide\"><figure class=\"wp-block-media-text__media\"><img loading=\"lazy\" decoding=\"async\" width=\"768\" height=\"1024\" src=\"http:\/\/www.zeitwerkstatt.at\/cms\/wp-content\/uploads\/2020\/03\/IMG_20191028_101205-768x1024.jpg\" alt=\"\" class=\"wp-image-151\" srcset=\"https:\/\/www.zeitwerkstatt.at\/cms\/wp-content\/uploads\/2020\/03\/IMG_20191028_101205-768x1024.jpg 768w, https:\/\/www.zeitwerkstatt.at\/cms\/wp-content\/uploads\/2020\/03\/IMG_20191028_101205-225x300.jpg 225w, https:\/\/www.zeitwerkstatt.at\/cms\/wp-content\/uploads\/2020\/03\/IMG_20191028_101205-1152x1536.jpg 1152w, https:\/\/www.zeitwerkstatt.at\/cms\/wp-content\/uploads\/2020\/03\/IMG_20191028_101205-1536x2048.jpg 1536w, https:\/\/www.zeitwerkstatt.at\/cms\/wp-content\/uploads\/2020\/03\/IMG_20191028_101205-scaled.jpg 1920w\" sizes=\"(max-width: 767px) 89vw, (max-width: 1000px) 54vw, (max-width: 1071px) 543px, 580px\" \/><\/figure><div class=\"wp-block-media-text__content\">\n<p style=\"font-size:14px\">Dies ist eine <strong>sehr sch\u00f6ne und fr\u00fche Singvogeldose<\/strong> von <strong>C. Bruggier<\/strong> um <strong>1780<\/strong>. <\/p>\n\n\n\n<p style=\"font-size:14px\">So kam die Singvogeldose zu mir: <\/p>\n\n\n\n<p style=\"font-size:14px\">Die Mechanik an sich funktionierte, jedoch stoppte sie nicht mehr von selbst und der Vogel zwitscherte nicht.<br>Das Zylinderwerk (Uhrwerk) in der Front der Dose war ebenfalls mitgenommen, der Zylinder war gebrochen und die Spirale fehlte.<\/p>\n<\/div><\/div>\n\n\n\n<div class=\"wp-block-media-text alignwide\"><figure class=\"wp-block-media-text__media\"><img loading=\"lazy\" decoding=\"async\" width=\"768\" height=\"1024\" src=\"http:\/\/www.zeitwerkstatt.at\/cms\/wp-content\/uploads\/2020\/03\/IMG_20191028_101342-768x1024.jpg\" alt=\"\" class=\"wp-image-150\" srcset=\"https:\/\/www.zeitwerkstatt.at\/cms\/wp-content\/uploads\/2020\/03\/IMG_20191028_101342-768x1024.jpg 768w, https:\/\/www.zeitwerkstatt.at\/cms\/wp-content\/uploads\/2020\/03\/IMG_20191028_101342-225x300.jpg 225w, https:\/\/www.zeitwerkstatt.at\/cms\/wp-content\/uploads\/2020\/03\/IMG_20191028_101342-1152x1536.jpg 1152w, https:\/\/www.zeitwerkstatt.at\/cms\/wp-content\/uploads\/2020\/03\/IMG_20191028_101342-1536x2048.jpg 1536w, https:\/\/www.zeitwerkstatt.at\/cms\/wp-content\/uploads\/2020\/03\/IMG_20191028_101342-scaled.jpg 1920w\" sizes=\"(max-width: 767px) 89vw, (max-width: 1000px) 54vw, (max-width: 1071px) 543px, 580px\" \/><\/figure><div class=\"wp-block-media-text__content\">\n<p style=\"font-size:14px\">Das Werk war grob verschmutzt und auch hier wurde wieder flei\u00dfig gel\u00f6tet&#8230;<\/p>\n<\/div><\/div>\n\n\n\n<div class=\"wp-block-media-text alignwide\"><figure class=\"wp-block-media-text__media\"><img loading=\"lazy\" decoding=\"async\" width=\"768\" height=\"1024\" src=\"http:\/\/www.zeitwerkstatt.at\/cms\/wp-content\/uploads\/2020\/03\/IMG_20191028_101327-768x1024.jpg\" alt=\"\" class=\"wp-image-149\" srcset=\"https:\/\/www.zeitwerkstatt.at\/cms\/wp-content\/uploads\/2020\/03\/IMG_20191028_101327-768x1024.jpg 768w, https:\/\/www.zeitwerkstatt.at\/cms\/wp-content\/uploads\/2020\/03\/IMG_20191028_101327-225x300.jpg 225w, https:\/\/www.zeitwerkstatt.at\/cms\/wp-content\/uploads\/2020\/03\/IMG_20191028_101327-1152x1536.jpg 1152w, https:\/\/www.zeitwerkstatt.at\/cms\/wp-content\/uploads\/2020\/03\/IMG_20191028_101327-1536x2048.jpg 1536w, https:\/\/www.zeitwerkstatt.at\/cms\/wp-content\/uploads\/2020\/03\/IMG_20191028_101327-scaled.jpg 1920w\" sizes=\"(max-width: 767px) 89vw, (max-width: 1000px) 54vw, (max-width: 1071px) 543px, 580px\" \/><\/figure><div class=\"wp-block-media-text__content\">\n<p style=\"font-size:14px\"><\/p>\n<\/div><\/div>\n\n\n\n<div class=\"wp-block-media-text alignwide\"><figure class=\"wp-block-media-text__media\"><img loading=\"lazy\" decoding=\"async\" width=\"768\" height=\"1024\" src=\"http:\/\/www.zeitwerkstatt.at\/cms\/wp-content\/uploads\/2020\/03\/IMG_20191028_131319-768x1024.jpg\" alt=\"\" class=\"wp-image-152\" srcset=\"https:\/\/www.zeitwerkstatt.at\/cms\/wp-content\/uploads\/2020\/03\/IMG_20191028_131319-768x1024.jpg 768w, https:\/\/www.zeitwerkstatt.at\/cms\/wp-content\/uploads\/2020\/03\/IMG_20191028_131319-225x300.jpg 225w, https:\/\/www.zeitwerkstatt.at\/cms\/wp-content\/uploads\/2020\/03\/IMG_20191028_131319-1152x1536.jpg 1152w, https:\/\/www.zeitwerkstatt.at\/cms\/wp-content\/uploads\/2020\/03\/IMG_20191028_131319-1536x2048.jpg 1536w, https:\/\/www.zeitwerkstatt.at\/cms\/wp-content\/uploads\/2020\/03\/IMG_20191028_131319-scaled.jpg 1920w\" sizes=\"(max-width: 767px) 89vw, (max-width: 1000px) 54vw, (max-width: 1071px) 543px, 580px\" \/><\/figure><div class=\"wp-block-media-text__content\">\n<p style=\"font-size:14px\">Hier sieht man, dass ein Stift am &#8222;Rad&#8220; fehlt, dadurch stoppte die Mechanik der Singvogeldose nicht. <\/p>\n\n\n\n<p style=\"font-size:14px\">Au\u00dferdem fehlte ein Hebel, welcher f\u00fcr das &#8222;zwitschern&#8220; zust\u00e4ndig war, den  <br> ich aus Stahl angefertigt habe.<\/p>\n\n\n\n<p><\/p>\n<\/div><\/div>\n\n\n\n<div class=\"wp-block-media-text alignwide\"><figure class=\"wp-block-media-text__media\"><img loading=\"lazy\" decoding=\"async\" width=\"473\" height=\"1024\" src=\"http:\/\/www.zeitwerkstatt.at\/cms\/wp-content\/uploads\/2020\/03\/Screenshot_20200321_213054_com.whatsapp-473x1024.jpg\" alt=\"\" class=\"wp-image-153\" srcset=\"https:\/\/www.zeitwerkstatt.at\/cms\/wp-content\/uploads\/2020\/03\/Screenshot_20200321_213054_com.whatsapp-473x1024.jpg 473w, https:\/\/www.zeitwerkstatt.at\/cms\/wp-content\/uploads\/2020\/03\/Screenshot_20200321_213054_com.whatsapp-138x300.jpg 138w, https:\/\/www.zeitwerkstatt.at\/cms\/wp-content\/uploads\/2020\/03\/Screenshot_20200321_213054_com.whatsapp-768x1664.jpg 768w, https:\/\/www.zeitwerkstatt.at\/cms\/wp-content\/uploads\/2020\/03\/Screenshot_20200321_213054_com.whatsapp-709x1536.jpg 709w, https:\/\/www.zeitwerkstatt.at\/cms\/wp-content\/uploads\/2020\/03\/Screenshot_20200321_213054_com.whatsapp-945x2048.jpg 945w, https:\/\/www.zeitwerkstatt.at\/cms\/wp-content\/uploads\/2020\/03\/Screenshot_20200321_213054_com.whatsapp.jpg 1080w\" sizes=\"(max-width: 473px) 100vw, 473px\" \/><\/figure><div class=\"wp-block-media-text__content\">\n<p style=\"font-size:14px\">Hier das Zylinderwerk: <br>Leider war der Zylinder abgebrochen und die Spirale nicht vorhanden &#8211; wie auch immer das passieren kann. <br>Es war eine ziemliche Herausforderung einen passenden Zylinder und eine Spirale zu finden. <br>Jetzt l\u00e4uft das Werk wieder einwandfrei.<\/p>\n<\/div><\/div>\n\n\n\n<div class=\"wp-block-media-text alignwide\"><figure class=\"wp-block-media-text__media\"><img loading=\"lazy\" decoding=\"async\" width=\"473\" height=\"1024\" src=\"http:\/\/www.zeitwerkstatt.at\/cms\/wp-content\/uploads\/2020\/03\/Screenshot_20200321_213111_com.whatsapp-473x1024.jpg\" alt=\"\" class=\"wp-image-154\" srcset=\"https:\/\/www.zeitwerkstatt.at\/cms\/wp-content\/uploads\/2020\/03\/Screenshot_20200321_213111_com.whatsapp-473x1024.jpg 473w, https:\/\/www.zeitwerkstatt.at\/cms\/wp-content\/uploads\/2020\/03\/Screenshot_20200321_213111_com.whatsapp-138x300.jpg 138w, https:\/\/www.zeitwerkstatt.at\/cms\/wp-content\/uploads\/2020\/03\/Screenshot_20200321_213111_com.whatsapp-768x1664.jpg 768w, https:\/\/www.zeitwerkstatt.at\/cms\/wp-content\/uploads\/2020\/03\/Screenshot_20200321_213111_com.whatsapp-709x1536.jpg 709w, https:\/\/www.zeitwerkstatt.at\/cms\/wp-content\/uploads\/2020\/03\/Screenshot_20200321_213111_com.whatsapp-945x2048.jpg 945w, https:\/\/www.zeitwerkstatt.at\/cms\/wp-content\/uploads\/2020\/03\/Screenshot_20200321_213111_com.whatsapp.jpg 1080w\" sizes=\"(max-width: 473px) 100vw, 473px\" \/><\/figure><div class=\"wp-block-media-text__content\">\n<p class=\"has-large-font-size\"><\/p>\n<\/div><\/div>\n\n\n\n<div class=\"wp-block-media-text alignwide\"><figure class=\"wp-block-media-text__media\"><img loading=\"lazy\" decoding=\"async\" width=\"1024\" height=\"768\" src=\"http:\/\/www.zeitwerkstatt.at\/cms\/wp-content\/uploads\/2020\/03\/IMG_20191216_151411-1-1024x768.jpg\" alt=\"\" class=\"wp-image-155\" srcset=\"https:\/\/www.zeitwerkstatt.at\/cms\/wp-content\/uploads\/2020\/03\/IMG_20191216_151411-1-1024x768.jpg 1024w, https:\/\/www.zeitwerkstatt.at\/cms\/wp-content\/uploads\/2020\/03\/IMG_20191216_151411-1-300x225.jpg 300w, https:\/\/www.zeitwerkstatt.at\/cms\/wp-content\/uploads\/2020\/03\/IMG_20191216_151411-1-768x576.jpg 768w, https:\/\/www.zeitwerkstatt.at\/cms\/wp-content\/uploads\/2020\/03\/IMG_20191216_151411-1-1536x1152.jpg 1536w, https:\/\/www.zeitwerkstatt.at\/cms\/wp-content\/uploads\/2020\/03\/IMG_20191216_151411-1-2048x1536.jpg 2048w\" sizes=\"(max-width: 767px) 89vw, (max-width: 1000px) 54vw, (max-width: 1071px) 543px, 580px\" \/><\/figure><div class=\"wp-block-media-text__content\">\n<p style=\"font-size:14px\">Das Werk vor dem Einbau in das massiv-silberne Geh\u00e4use.<\/p>\n<\/div><\/div>\n\n\n\n<div class=\"wp-block-media-text alignwide\"><figure class=\"wp-block-media-text__media\"><img loading=\"lazy\" decoding=\"async\" width=\"1024\" height=\"768\" src=\"http:\/\/www.zeitwerkstatt.at\/cms\/wp-content\/uploads\/2020\/03\/IMG_20191216_151422-1-1024x768.jpg\" alt=\"\" class=\"wp-image-156\" srcset=\"https:\/\/www.zeitwerkstatt.at\/cms\/wp-content\/uploads\/2020\/03\/IMG_20191216_151422-1-1024x768.jpg 1024w, https:\/\/www.zeitwerkstatt.at\/cms\/wp-content\/uploads\/2020\/03\/IMG_20191216_151422-1-300x225.jpg 300w, https:\/\/www.zeitwerkstatt.at\/cms\/wp-content\/uploads\/2020\/03\/IMG_20191216_151422-1-768x576.jpg 768w, https:\/\/www.zeitwerkstatt.at\/cms\/wp-content\/uploads\/2020\/03\/IMG_20191216_151422-1-1536x1152.jpg 1536w, https:\/\/www.zeitwerkstatt.at\/cms\/wp-content\/uploads\/2020\/03\/IMG_20191216_151422-1-2048x1536.jpg 2048w\" sizes=\"(max-width: 767px) 89vw, (max-width: 1000px) 54vw, (max-width: 1071px) 543px, 580px\" \/><\/figure><div class=\"wp-block-media-text__content\">\n<p class=\"has-large-font-size\"><\/p>\n<\/div><\/div>\n\n\n\n<div class=\"wp-block-media-text alignwide\"><figure class=\"wp-block-media-text__media\"><img loading=\"lazy\" decoding=\"async\" width=\"1024\" height=\"768\" src=\"http:\/\/www.zeitwerkstatt.at\/cms\/wp-content\/uploads\/2020\/03\/IMG_20191216_151427-1024x768.jpg\" alt=\"\" class=\"wp-image-157\" srcset=\"https:\/\/www.zeitwerkstatt.at\/cms\/wp-content\/uploads\/2020\/03\/IMG_20191216_151427-1024x768.jpg 1024w, https:\/\/www.zeitwerkstatt.at\/cms\/wp-content\/uploads\/2020\/03\/IMG_20191216_151427-300x225.jpg 300w, https:\/\/www.zeitwerkstatt.at\/cms\/wp-content\/uploads\/2020\/03\/IMG_20191216_151427-768x576.jpg 768w, https:\/\/www.zeitwerkstatt.at\/cms\/wp-content\/uploads\/2020\/03\/IMG_20191216_151427-1536x1152.jpg 1536w, https:\/\/www.zeitwerkstatt.at\/cms\/wp-content\/uploads\/2020\/03\/IMG_20191216_151427-2048x1536.jpg 2048w\" sizes=\"(max-width: 767px) 89vw, (max-width: 1000px) 54vw, (max-width: 1071px) 543px, 580px\" \/><\/figure><div class=\"wp-block-media-text__content\">\n<p class=\"has-large-font-size\"><\/p>\n<\/div><\/div>\n\n\n\n<div class=\"wp-block-media-text alignwide\"><figure class=\"wp-block-media-text__media\"><img loading=\"lazy\" decoding=\"async\" width=\"1024\" height=\"614\" src=\"http:\/\/www.zeitwerkstatt.at\/cms\/wp-content\/uploads\/2020\/03\/bg5-1024x614.png\" alt=\"\" class=\"wp-image-158\" srcset=\"https:\/\/www.zeitwerkstatt.at\/cms\/wp-content\/uploads\/2020\/03\/bg5-1024x614.png 1024w, https:\/\/www.zeitwerkstatt.at\/cms\/wp-content\/uploads\/2020\/03\/bg5-300x180.png 300w, https:\/\/www.zeitwerkstatt.at\/cms\/wp-content\/uploads\/2020\/03\/bg5-768x461.png 768w, https:\/\/www.zeitwerkstatt.at\/cms\/wp-content\/uploads\/2020\/03\/bg5-1536x922.png 1536w, https:\/\/www.zeitwerkstatt.at\/cms\/wp-content\/uploads\/2020\/03\/bg5.png 2000w\" sizes=\"(max-width: 767px) 89vw, (max-width: 1000px) 54vw, (max-width: 1071px) 543px, 580px\" \/><\/figure><div class=\"wp-block-media-text__content\">\n<p style=\"font-size:14px\">Im originalen Etui ist die funktionierende Singvogeldose samt Uhrwerk in der Front eine wahre Sch\u00f6nheit und ein Meisterwerk in jeglicher Hinsicht. <\/p>\n\n\n\n<p style=\"font-size:14px\"><strong>Ein sehr seltenes St\u00fcck, welches ich reparieren durfte. <\/strong><\/p>\n<\/div><\/div>\n\n\n\n<p><\/p>\n","protected":false},"excerpt":{"rendered":"<p>Dies ist eine sehr sch\u00f6ne und fr\u00fche Singvogeldose von C. Bruggier um 1780. So kam die Singvogeldose zu mir: Die Mechanik an sich funktionierte, jedoch stoppte sie nicht mehr von selbst und der Vogel zwitscherte nicht.Das Zylinderwerk (Uhrwerk) in der Front der Dose war ebenfalls mitgenommen, der Zylinder war gebrochen und die Spirale fehlte. Das &hellip; <\/p>\n<p class=\"link-more\"><a href=\"https:\/\/www.zeitwerkstatt.at\/cms\/?page_id=106\" class=\"more-link\"><span class=\"screen-reader-text\">\u201eSingvogeldose\u201c<\/span> weiterlesen<\/a><\/p>\n","protected":false},"author":1,"featured_media":0,"parent":94,"menu_order":0,"comment_status":"closed","ping_status":"closed","template":"","meta":{"footnotes":""},"_links":{"self":[{"href":"https:\/\/www.zeitwerkstatt.at\/cms\/index.php?rest_route=\/wp\/v2\/pages\/106"}],"collection":[{"href":"https:\/\/www.zeitwerkstatt.at\/cms\/index.php?rest_route=\/wp\/v2\/pages"}],"about":[{"href":"https:\/\/www.zeitwerkstatt.at\/cms\/index.php?rest_route=\/wp\/v2\/types\/page"}],"author":[{"embeddable":true,"href":"https:\/\/www.zeitwerkstatt.at\/cms\/index.php?rest_route=\/wp\/v2\/users\/1"}],"replies":[{"embeddable":true,"href":"https:\/\/www.zeitwerkstatt.at\/cms\/index.php?rest_route=%2Fwp%2Fv2%2Fcomments&post=106"}],"version-history":[{"count":7,"href":"https:\/\/www.zeitwerkstatt.at\/cms\/index.php?rest_route=\/wp\/v2\/pages\/106\/revisions"}],"predecessor-version":[{"id":184,"href":"https:\/\/www.zeitwerkstatt.at\/cms\/index.php?rest_route=\/wp\/v2\/pages\/106\/revisions\/184"}],"up":[{"embeddable":true,"href":"https:\/\/www.zeitwerkstatt.at\/cms\/index.php?rest_route=\/wp\/v2\/pages\/94"}],"wp:attachment":[{"href":"https:\/\/www.zeitwerkstatt.at\/cms\/index.php?rest_route=%2Fwp%2Fv2%2Fmedia&parent=106"}],"curies":[{"name":"wp","href":"https:\/\/api.w.org\/{rel}","templated":true}]}}